{"id":7139,"date":"2025-07-23T13:33:18","date_gmt":"2025-07-23T05:33:18","guid":{"rendered":"https:\/\/dinglidiespring.com\/?post_type=product&#038;p=7139"},"modified":"2025-07-25T16:56:25","modified_gmt":"2025-07-25T08:56:25","slug":"light-duty-jis-compression-spring-65mn-carbon-steel-dingli-spring","status":"publish","type":"product","link":"https:\/\/dinglidiespring.com\/de\/product\/light-duty-jis-compression-spring-65mn-carbon-steel-dingli-spring\/","title":{"rendered":"Leichte JIS-Druckfeder 65Mn Kohlenstoffstahl DingLi-Feder"},"content":{"rendered":"<p><img fetchpriority=\"high\" decoding=\"async\" class=\"alignnone size-full wp-image-7143\" src=\"https:\/\/dinglidiespring.com\/wp-content\/uploads\/2025\/07\/dingli-65mn-light-duty-jis-spring-specs-chart-1-1753248670.jpg\" alt=\"\" width=\"750\" height=\"634\" srcset=\"https:\/\/dinglidiespring.com\/wp-content\/uploads\/2025\/07\/dingli-65mn-light-duty-jis-spring-specs-chart-1-1753248670.jpg 750w, https:\/\/dinglidiespring.com\/wp-content\/uploads\/2025\/07\/dingli-65mn-light-duty-jis-spring-specs-chart-1-1753248670-300x254.jpg 300w, https:\/\/dinglidiespring.com\/wp-content\/uploads\/2025\/07\/dingli-65mn-light-duty-jis-spring-specs-chart-1-1753248670-600x507.jpg 600w\" sizes=\"(max-width: 750px) 100vw, 750px\" \/><img decoding=\"async\" class=\"alignnone size-full wp-image-7144\" src=\"https:\/\/dinglidiespring.com\/wp-content\/uploads\/2025\/07\/dingli-65mn-light-duty-jis-spring-specs-chart-2-1753248672.jpg\" alt=\"\" width=\"750\" height=\"634\" srcset=\"https:\/\/dinglidiespring.com\/wp-content\/uploads\/2025\/07\/dingli-65mn-light-duty-jis-spring-specs-chart-2-1753248672.jpg 750w, https:\/\/dinglidiespring.com\/wp-content\/uploads\/2025\/07\/dingli-65mn-light-duty-jis-spring-specs-chart-2-1753248672-300x254.jpg 300w, https:\/\/dinglidiespring.com\/wp-content\/uploads\/2025\/07\/dingli-65mn-light-duty-jis-spring-specs-chart-2-1753248672-600x507.jpg 600w\" sizes=\"(max-width: 750px) 100vw, 750px\" \/><img decoding=\"async\" class=\"alignnone size-full wp-image-7145\" src=\"https:\/\/dinglidiespring.com\/wp-content\/uploads\/2025\/07\/dingli-65mn-light-duty-jis-spring-specs-chart-3-1753248675.jpg\" alt=\"\" width=\"750\" height=\"634\" srcset=\"https:\/\/dinglidiespring.com\/wp-content\/uploads\/2025\/07\/dingli-65mn-light-duty-jis-spring-specs-chart-3-1753248675.jpg 750w, https:\/\/dinglidiespring.com\/wp-content\/uploads\/2025\/07\/dingli-65mn-light-duty-jis-spring-specs-chart-3-1753248675-300x254.jpg 300w, https:\/\/dinglidiespring.com\/wp-content\/uploads\/2025\/07\/dingli-65mn-light-duty-jis-spring-specs-chart-3-1753248675-600x507.jpg 600w\" sizes=\"(max-width: 750px) 100vw, 750px\" \/><img loading=\"lazy\" decoding=\"async\" class=\"alignnone size-full wp-image-7146\" src=\"https:\/\/dinglidiespring.com\/wp-content\/uploads\/2025\/07\/dingli-65mn-light-duty-jis-spring-specs-chart-4-1753248677.jpg\" alt=\"\" width=\"750\" height=\"634\" srcset=\"https:\/\/dinglidiespring.com\/wp-content\/uploads\/2025\/07\/dingli-65mn-light-duty-jis-spring-specs-chart-4-1753248677.jpg 750w, https:\/\/dinglidiespring.com\/wp-content\/uploads\/2025\/07\/dingli-65mn-light-duty-jis-spring-specs-chart-4-1753248677-300x254.jpg 300w, https:\/\/dinglidiespring.com\/wp-content\/uploads\/2025\/07\/dingli-65mn-light-duty-jis-spring-specs-chart-4-1753248677-600x507.jpg 600w\" sizes=\"(max-width: 750px) 100vw, 750px\" \/><img loading=\"lazy\" decoding=\"async\" class=\"alignnone size-full wp-image-7147\" src=\"https:\/\/dinglidiespring.com\/wp-content\/uploads\/2025\/07\/dingli-65mn-light-duty-jis-spring-specs-chart-5-1753248679.jpg\" alt=\"\" width=\"750\" height=\"634\" srcset=\"https:\/\/dinglidiespring.com\/wp-content\/uploads\/2025\/07\/dingli-65mn-light-duty-jis-spring-specs-chart-5-1753248679.jpg 750w, https:\/\/dinglidiespring.com\/wp-content\/uploads\/2025\/07\/dingli-65mn-light-duty-jis-spring-specs-chart-5-1753248679-300x254.jpg 300w, https:\/\/dinglidiespring.com\/wp-content\/uploads\/2025\/07\/dingli-65mn-light-duty-jis-spring-specs-chart-5-1753248679-600x507.jpg 600w\" sizes=\"(max-width: 750px) 100vw, 750px\" \/><img loading=\"lazy\" decoding=\"async\" class=\"alignnone size-full wp-image-7148\" src=\"https:\/\/dinglidiespring.com\/wp-content\/uploads\/2025\/07\/dingli-65mn-light-duty-jis-spring-specs-chart-6-1753248681.jpg\" alt=\"\" width=\"750\" height=\"634\" srcset=\"https:\/\/dinglidiespring.com\/wp-content\/uploads\/2025\/07\/dingli-65mn-light-duty-jis-spring-specs-chart-6-1753248681.jpg 750w, https:\/\/dinglidiespring.com\/wp-content\/uploads\/2025\/07\/dingli-65mn-light-duty-jis-spring-specs-chart-6-1753248681-300x254.jpg 300w, https:\/\/dinglidiespring.com\/wp-content\/uploads\/2025\/07\/dingli-65mn-light-duty-jis-spring-specs-chart-6-1753248681-600x507.jpg 600w\" sizes=\"(max-width: 750px) 100vw, 750px\" \/><img loading=\"lazy\" decoding=\"async\" class=\"alignnone size-full wp-image-7149\" src=\"https:\/\/dinglidiespring.com\/wp-content\/uploads\/2025\/07\/dingli-65mn-light-duty-jis-spring-specs-chart-7-1753248684.jpg\" alt=\"\" width=\"750\" height=\"634\" srcset=\"https:\/\/dinglidiespring.com\/wp-content\/uploads\/2025\/07\/dingli-65mn-light-duty-jis-spring-specs-chart-7-1753248684.jpg 750w, https:\/\/dinglidiespring.com\/wp-content\/uploads\/2025\/07\/dingli-65mn-light-duty-jis-spring-specs-chart-7-1753248684-300x254.jpg 300w, https:\/\/dinglidiespring.com\/wp-content\/uploads\/2025\/07\/dingli-65mn-light-duty-jis-spring-specs-chart-7-1753248684-600x507.jpg 600w\" sizes=\"(max-width: 750px) 100vw, 750px\" \/><img loading=\"lazy\" decoding=\"async\" class=\"alignnone size-full wp-image-7150\" src=\"https:\/\/dinglidiespring.com\/wp-content\/uploads\/2025\/07\/dingli-65mn-light-duty-jis-spring-specs-chart-8-1753248686.jpg\" alt=\"\" width=\"750\" height=\"634\" srcset=\"https:\/\/dinglidiespring.com\/wp-content\/uploads\/2025\/07\/dingli-65mn-light-duty-jis-spring-specs-chart-8-1753248686.jpg 750w, https:\/\/dinglidiespring.com\/wp-content\/uploads\/2025\/07\/dingli-65mn-light-duty-jis-spring-specs-chart-8-1753248686-300x254.jpg 300w, https:\/\/dinglidiespring.com\/wp-content\/uploads\/2025\/07\/dingli-65mn-light-duty-jis-spring-specs-chart-8-1753248686-600x507.jpg 600w\" sizes=\"(max-width: 750px) 100vw, 750px\" \/><img loading=\"lazy\" decoding=\"async\" class=\"alignnone size-full wp-image-7151\" src=\"https:\/\/dinglidiespring.com\/wp-content\/uploads\/2025\/07\/dingli-65mn-light-duty-jis-spring-specs-chart-9-1753248688.jpg\" alt=\"\" width=\"750\" height=\"634\" srcset=\"https:\/\/dinglidiespring.com\/wp-content\/uploads\/2025\/07\/dingli-65mn-light-duty-jis-spring-specs-chart-9-1753248688.jpg 750w, https:\/\/dinglidiespring.com\/wp-content\/uploads\/2025\/07\/dingli-65mn-light-duty-jis-spring-specs-chart-9-1753248688-300x254.jpg 300w, https:\/\/dinglidiespring.com\/wp-content\/uploads\/2025\/07\/dingli-65mn-light-duty-jis-spring-specs-chart-9-1753248688-600x507.jpg 600w\" sizes=\"(max-width: 750px) 100vw, 750px\" \/><img loading=\"lazy\" decoding=\"async\" class=\"alignnone size-full wp-image-7152\" src=\"https:\/\/dinglidiespring.com\/wp-content\/uploads\/2025\/07\/dingli-65mn-light-duty-jis-spring-specs-chart-10-1753248690.jpg\" alt=\"\" width=\"750\" height=\"634\" srcset=\"https:\/\/dinglidiespring.com\/wp-content\/uploads\/2025\/07\/dingli-65mn-light-duty-jis-spring-specs-chart-10-1753248690.jpg 750w, https:\/\/dinglidiespring.com\/wp-content\/uploads\/2025\/07\/dingli-65mn-light-duty-jis-spring-specs-chart-10-1753248690-300x254.jpg 300w, https:\/\/dinglidiespring.com\/wp-content\/uploads\/2025\/07\/dingli-65mn-light-duty-jis-spring-specs-chart-10-1753248690-600x507.jpg 600w\" sizes=\"(max-width: 750px) 100vw, 750px\" \/><img loading=\"lazy\" decoding=\"async\" class=\"alignnone size-full wp-image-7153\" src=\"https:\/\/dinglidiespring.com\/wp-content\/uploads\/2025\/07\/dingli-65mn-light-duty-jis-spring-specs-chart-11-1753248692.jpg\" alt=\"\" width=\"750\" height=\"563\" srcset=\"https:\/\/dinglidiespring.com\/wp-content\/uploads\/2025\/07\/dingli-65mn-light-duty-jis-spring-specs-chart-11-1753248692.jpg 750w, https:\/\/dinglidiespring.com\/wp-content\/uploads\/2025\/07\/dingli-65mn-light-duty-jis-spring-specs-chart-11-1753248692-300x225.jpg 300w, https:\/\/dinglidiespring.com\/wp-content\/uploads\/2025\/07\/dingli-65mn-light-duty-jis-spring-specs-chart-11-1753248692-600x450.jpg 600w\" sizes=\"(max-width: 750px) 100vw, 750px\" \/><\/p>","protected":false},"excerpt":{"rendered":"<p>Unsere leichte JIS-Druckfeder bietet zuverl\u00e4ssige Leistung f\u00fcr Anwendungen mit moderater Druckkraft. Hergestellt aus hochwertigem 65Mn-Kohlenstoffstahl und nach JIS-Standards gefertigt, bietet diese Feder Langlebigkeit und ein gleichbleibendes mechanisches Verhalten. DingLi Spring unterst\u00fctzt individuelle Anpassungsm\u00f6glichkeiten, um Abmessungen und Belastungseigenschaften an spezifische Anforderungen anzupassen und eignet sich daher f\u00fcr eine Vielzahl industrieller Anwendungen.<\/p>\n<ul>\n<li>Hergestellt aus hochwertigem 65Mn-Kohlenstoffstahl f\u00fcr St\u00e4rke und Flexibilit\u00e4t.<\/li>\n<li>Hergestellt nach JIS-Standards, um Pr\u00e4zision und Konsistenz zu gew\u00e4hrleisten.<\/li>\n<li>Flexible Individualisierungsm\u00f6glichkeiten erm\u00f6glichen die Anpassung an unterschiedliche Vorgaben.<\/li>\n<\/ul>","protected":false},"featured_media":7140,"comment_status":"open","ping_status":"closed","template":"","meta":{"site-sidebar-layout":"default","site-content-layout":"","ast-site-content-layout":"default","site-content-style":"default","site-sidebar-style":"default","ast-global-header-display":"","ast-banner-title-visibility":"","ast-main-header-display":"","ast-hfb-above-header-display":"","ast-hfb-below-header-display":"","ast-hfb-mobile-header-display":"","site-post-title":"","ast-breadcrumbs-content":"","ast-featured-img":"","footer-sml-layout":"","ast-disable-related-posts":"","theme-transparent-header-meta":"default","adv-header-id-meta":"","stick-header-meta":"","header-above-stick-meta":"","header-main-stick-meta":"","header-below-stick-meta":"","astra-migrate-meta-layouts":"set","ast-page-background-enabled":"default","ast-page-background-meta":{"desktop":{"background-color":"","background-image":"","background-repeat":"repeat","background-position":"center center","background-size":"auto","background-attachment":"scroll","background-type":"","background-media":"","overlay-type":"","overlay-color":"","overlay-opacity":"","overlay-gradient":""},"tablet":{"background-color":"","background-image":"","background-repeat":"repeat","background-position":"center center","background-size":"auto","background-attachment":"scroll","background-type":"","background-media":"","overlay-type":"","overlay-color":"","overlay-opacity":"","overlay-gradient":""},"mobile":{"background-color":"","background-image":"","background-repeat":"repeat","background-position":"center center","background-size":"auto","background-attachment":"scroll","background-type":"","background-media":"","overlay-type":"","overlay-color":"","overlay-opacity":"","overlay-gradient":""}},"ast-content-background-meta":{"desktop":{"background-color":"var(--ast-global-color-5)","background-image":"","background-repeat":"repeat","background-position":"center center","background-size":"auto","background-attachment":"scroll","background-type":"","background-media":"","overlay-type":"","overlay-color":"","overlay-opacity":"","overlay-gradient":""},"tablet":{"background-color":"var(--ast-global-color-5)","background-image":"","background-repeat":"repeat","background-position":"center center","background-size":"auto","background-attachment":"scroll","background-type":"","background-media":"","overlay-type":"","overlay-color":"","overlay-opacity":"","overlay-gradient":""},"mobile":{"background-color":"var(--ast-global-color-5)","background-image":"","background-repeat":"repeat","background-position":"center center","background-size":"auto","background-attachment":"scroll","background-type":"","background-media":"","overlay-type":"","overlay-color":"","overlay-opacity":"","overlay-gradient":""}}},"product_brand":[],"product_cat":[38,72],"product_tag":[],"class_list":{"0":"post-7139","1":"product","2":"type-product","3":"status-publish","4":"has-post-thumbnail","6":"product_cat-die-springs","7":"product_cat-jis-die-spring","8":"desktop-align-left","9":"tablet-align-left","10":"mobile-align-left","12":"first","13":"instock","14":"shipping-taxable","15":"product-type-simple"},"yoast_head":"<!-- This site is optimized with the Yoast SEO plugin v27.3 - https:\/\/yoast.com\/product\/yoast-seo-wordpress\/ -->\n<title>Light Duty JIS Compression Spring 65Mn Carbon Steel DingLi Spring - dinglispring<\/title>\n<meta name=\"description\" content=\"Our Light Duty JIS Compression Spring is designed to provide dependable performance for applications requiring moderate compression force. Constructed from premium 65Mn carbon steel and manufactured in accordance with JIS standards, this spring offers durability and consistent mechanical behavior. DingLi Spring supports customization options to tailor dimensions and load characteristics to meet specific needs, making it suitable for a wide range of industrial uses.\" \/>\n<meta name=\"robots\" content=\"index, follow, max-snippet:-1, max-image-preview:large, max-video-preview:-1\" \/>\n<link rel=\"canonical\" href=\"https:\/\/dinglidiespring.com\/de\/product\/light-duty-jis-compression-spring-65mn-carbon-steel-dingli-spring\/\" \/>\n<meta property=\"og:locale\" content=\"de_DE\" \/>\n<meta property=\"og:type\" content=\"article\" \/>\n<meta property=\"og:title\" content=\"Light Duty JIS Compression Spring 65Mn Carbon Steel DingLi Spring - dinglispring\" \/>\n<meta property=\"og:description\" content=\"Our Light Duty JIS Compression Spring is designed to provide dependable performance for applications requiring moderate compression force. Constructed from premium 65Mn carbon steel and manufactured in accordance with JIS standards, this spring offers durability and consistent mechanical behavior. DingLi Spring supports customization options to tailor dimensions and load characteristics to meet specific needs, making it suitable for a wide range of industrial uses.\" \/>\n<meta property=\"og:url\" content=\"https:\/\/dinglidiespring.com\/de\/product\/light-duty-jis-compression-spring-65mn-carbon-steel-dingli-spring\/\" \/>\n<meta property=\"og:site_name\" content=\"dinglispring\" \/>\n<meta property=\"article:publisher\" content=\"https:\/\/www.facebook.com\/profile.php?id=61557424736593\" \/>\n<meta property=\"article:modified_time\" content=\"2025-07-25T08:56:25+00:00\" \/>\n<meta property=\"og:image\" content=\"https:\/\/dinglidiespring.com\/wp-content\/uploads\/2025\/07\/Light-Duty-JIS-Compression-Spring-65Mn-Carbon-Steel-DingLi-Spring-1-1753248629.jpg\" \/>\n\t<meta property=\"og:image:width\" content=\"800\" \/>\n\t<meta property=\"og:image:height\" content=\"800\" \/>\n\t<meta property=\"og:image:type\" content=\"image\/jpeg\" \/>\n<meta name=\"twitter:card\" content=\"summary_large_image\" \/>\n<meta name=\"twitter:label1\" content=\"Gesch\u00e4tzte Lesezeit\" \/>\n\t<meta name=\"twitter:data1\" content=\"3\u00a0Minuten\" \/>\n<script type=\"application\/ld+json\" class=\"yoast-schema-graph\">{\"@context\":\"https:\\\/\\\/schema.org\",\"@graph\":[{\"@type\":\"WebPage\",\"@id\":\"https:\\\/\\\/dinglidiespring.com\\\/product\\\/light-duty-jis-compression-spring-65mn-carbon-steel-dingli-spring\\\/\",\"url\":\"https:\\\/\\\/dinglidiespring.com\\\/product\\\/light-duty-jis-compression-spring-65mn-carbon-steel-dingli-spring\\\/\",\"name\":\"Light Duty JIS Compression Spring 65Mn Carbon Steel DingLi Spring - dinglispring\",\"isPartOf\":{\"@id\":\"https:\\\/\\\/dinglidiespring.com\\\/#website\"},\"primaryImageOfPage\":{\"@id\":\"https:\\\/\\\/dinglidiespring.com\\\/product\\\/light-duty-jis-compression-spring-65mn-carbon-steel-dingli-spring\\\/#primaryimage\"},\"image\":{\"@id\":\"https:\\\/\\\/dinglidiespring.com\\\/product\\\/light-duty-jis-compression-spring-65mn-carbon-steel-dingli-spring\\\/#primaryimage\"},\"thumbnailUrl\":\"https:\\\/\\\/dinglidiespring.com\\\/wp-content\\\/uploads\\\/2025\\\/07\\\/Light-Duty-JIS-Compression-Spring-65Mn-Carbon-Steel-DingLi-Spring-1-1753248629.jpg\",\"datePublished\":\"2025-07-23T05:33:18+00:00\",\"dateModified\":\"2025-07-25T08:56:25+00:00\",\"description\":\"Our Light Duty JIS Compression Spring is designed to provide dependable performance for applications requiring moderate compression force. Constructed from premium 65Mn carbon steel and manufactured in accordance with JIS standards, this spring offers durability and consistent mechanical behavior. DingLi Spring supports customization options to tailor dimensions and load characteristics to meet specific needs, making it suitable for a wide range of industrial uses.\",\"breadcrumb\":{\"@id\":\"https:\\\/\\\/dinglidiespring.com\\\/product\\\/light-duty-jis-compression-spring-65mn-carbon-steel-dingli-spring\\\/#breadcrumb\"},\"inLanguage\":\"de\",\"potentialAction\":[{\"@type\":\"ReadAction\",\"target\":[\"https:\\\/\\\/dinglidiespring.com\\\/product\\\/light-duty-jis-compression-spring-65mn-carbon-steel-dingli-spring\\\/\"]}]},{\"@type\":\"ImageObject\",\"inLanguage\":\"de\",\"@id\":\"https:\\\/\\\/dinglidiespring.com\\\/product\\\/light-duty-jis-compression-spring-65mn-carbon-steel-dingli-spring\\\/#primaryimage\",\"url\":\"https:\\\/\\\/dinglidiespring.com\\\/wp-content\\\/uploads\\\/2025\\\/07\\\/Light-Duty-JIS-Compression-Spring-65Mn-Carbon-Steel-DingLi-Spring-1-1753248629.jpg\",\"contentUrl\":\"https:\\\/\\\/dinglidiespring.com\\\/wp-content\\\/uploads\\\/2025\\\/07\\\/Light-Duty-JIS-Compression-Spring-65Mn-Carbon-Steel-DingLi-Spring-1-1753248629.jpg\",\"width\":800,\"height\":800},{\"@type\":\"BreadcrumbList\",\"@id\":\"https:\\\/\\\/dinglidiespring.com\\\/product\\\/light-duty-jis-compression-spring-65mn-carbon-steel-dingli-spring\\\/#breadcrumb\",\"itemListElement\":[{\"@type\":\"ListItem\",\"position\":1,\"name\":\"\u9996\u9875\",\"item\":\"https:\\\/\\\/dinglidiespring.com\\\/\"},{\"@type\":\"ListItem\",\"position\":2,\"name\":\"Products\",\"item\":\"https:\\\/\\\/dinglidiespring.com\\\/shop__trashed-2\\\/\"},{\"@type\":\"ListItem\",\"position\":3,\"name\":\"Light Duty JIS Compression Spring 65Mn Carbon Steel DingLi Spring\"}]},{\"@type\":\"WebSite\",\"@id\":\"https:\\\/\\\/dinglidiespring.com\\\/#website\",\"url\":\"https:\\\/\\\/dinglidiespring.com\\\/\",\"name\":\"dinglispring\",\"description\":\"Dingli has been supplying high quality springs and wires for 30 years. We offer fast delivery as well as professional design support. Please contact us to learn more about our capabilities and services.\",\"publisher\":{\"@id\":\"https:\\\/\\\/dinglidiespring.com\\\/#organization\"},\"potentialAction\":[{\"@type\":\"SearchAction\",\"target\":{\"@type\":\"EntryPoint\",\"urlTemplate\":\"https:\\\/\\\/dinglidiespring.com\\\/?s={search_term_string}\"},\"query-input\":{\"@type\":\"PropertyValueSpecification\",\"valueRequired\":true,\"valueName\":\"search_term_string\"}}],\"inLanguage\":\"de\"},{\"@type\":\"Organization\",\"@id\":\"https:\\\/\\\/dinglidiespring.com\\\/#organization\",\"name\":\"dinglispring\",\"url\":\"https:\\\/\\\/dinglidiespring.com\\\/\",\"logo\":{\"@type\":\"ImageObject\",\"inLanguage\":\"de\",\"@id\":\"https:\\\/\\\/dinglidiespring.com\\\/#\\\/schema\\\/logo\\\/image\\\/\",\"url\":\"https:\\\/\\\/dinglidiespring.com\\\/wp-content\\\/uploads\\\/2025\\\/05\\\/dinglidiespringlogo.png\",\"contentUrl\":\"https:\\\/\\\/dinglidiespring.com\\\/wp-content\\\/uploads\\\/2025\\\/05\\\/dinglidiespringlogo.png\",\"width\":400,\"height\":100,\"caption\":\"dinglispring\"},\"image\":{\"@id\":\"https:\\\/\\\/dinglidiespring.com\\\/#\\\/schema\\\/logo\\\/image\\\/\"},\"sameAs\":[\"https:\\\/\\\/www.facebook.com\\\/profile.php?id=61557424736593\",\"https:\\\/\\\/www.youtube.com\\\/@dinglidiespring\"]}]}<\/script>\n<!-- \/ Yoast SEO plugin. -->","yoast_head_json":{"title":"Leichte JIS-Druckfeder, 65 Mn Kohlenstoffstahl, DingLi-Feder - dinglispring","description":"Unsere leichte JIS-Druckfeder bietet zuverl\u00e4ssige Leistung f\u00fcr Anwendungen mit moderater Druckkraft. Hergestellt aus hochwertigem 65Mn-Kohlenstoffstahl und nach JIS-Standards gefertigt, bietet diese Feder Langlebigkeit und ein gleichbleibendes mechanisches Verhalten. DingLi Spring unterst\u00fctzt individuelle Anpassungsm\u00f6glichkeiten, um Abmessungen und Belastungseigenschaften an spezifische Anforderungen anzupassen und eignet sich daher f\u00fcr eine Vielzahl industrieller Anwendungen.","robots":{"index":"index","follow":"follow","max-snippet":"max-snippet:-1","max-image-preview":"max-image-preview:large","max-video-preview":"max-video-preview:-1"},"canonical":"https:\/\/dinglidiespring.com\/de\/product\/light-duty-jis-compression-spring-65mn-carbon-steel-dingli-spring\/","og_locale":"de_DE","og_type":"article","og_title":"Light Duty JIS Compression Spring 65Mn Carbon Steel DingLi Spring - dinglispring","og_description":"Our Light Duty JIS Compression Spring is designed to provide dependable performance for applications requiring moderate compression force. Constructed from premium 65Mn carbon steel and manufactured in accordance with JIS standards, this spring offers durability and consistent mechanical behavior. DingLi Spring supports customization options to tailor dimensions and load characteristics to meet specific needs, making it suitable for a wide range of industrial uses.","og_url":"https:\/\/dinglidiespring.com\/de\/product\/light-duty-jis-compression-spring-65mn-carbon-steel-dingli-spring\/","og_site_name":"dinglispring","article_publisher":"https:\/\/www.facebook.com\/profile.php?id=61557424736593","article_modified_time":"2025-07-25T08:56:25+00:00","og_image":[{"width":800,"height":800,"url":"https:\/\/dinglidiespring.com\/wp-content\/uploads\/2025\/07\/Light-Duty-JIS-Compression-Spring-65Mn-Carbon-Steel-DingLi-Spring-1-1753248629.jpg","type":"image\/jpeg"}],"twitter_card":"summary_large_image","twitter_misc":{"Gesch\u00e4tzte Lesezeit":"3\u00a0Minuten"},"schema":{"@context":"https:\/\/schema.org","@graph":[{"@type":"WebPage","@id":"https:\/\/dinglidiespring.com\/product\/light-duty-jis-compression-spring-65mn-carbon-steel-dingli-spring\/","url":"https:\/\/dinglidiespring.com\/product\/light-duty-jis-compression-spring-65mn-carbon-steel-dingli-spring\/","name":"Leichte JIS-Druckfeder, 65 Mn Kohlenstoffstahl, DingLi-Feder - dinglispring","isPartOf":{"@id":"https:\/\/dinglidiespring.com\/#website"},"primaryImageOfPage":{"@id":"https:\/\/dinglidiespring.com\/product\/light-duty-jis-compression-spring-65mn-carbon-steel-dingli-spring\/#primaryimage"},"image":{"@id":"https:\/\/dinglidiespring.com\/product\/light-duty-jis-compression-spring-65mn-carbon-steel-dingli-spring\/#primaryimage"},"thumbnailUrl":"https:\/\/dinglidiespring.com\/wp-content\/uploads\/2025\/07\/Light-Duty-JIS-Compression-Spring-65Mn-Carbon-Steel-DingLi-Spring-1-1753248629.jpg","datePublished":"2025-07-23T05:33:18+00:00","dateModified":"2025-07-25T08:56:25+00:00","description":"Unsere leichte JIS-Druckfeder bietet zuverl\u00e4ssige Leistung f\u00fcr Anwendungen mit moderater Druckkraft. Hergestellt aus hochwertigem 65Mn-Kohlenstoffstahl und nach JIS-Standards gefertigt, bietet diese Feder Langlebigkeit und ein gleichbleibendes mechanisches Verhalten. DingLi Spring unterst\u00fctzt individuelle Anpassungsm\u00f6glichkeiten, um Abmessungen und Belastungseigenschaften an spezifische Anforderungen anzupassen und eignet sich daher f\u00fcr eine Vielzahl industrieller Anwendungen.","breadcrumb":{"@id":"https:\/\/dinglidiespring.com\/product\/light-duty-jis-compression-spring-65mn-carbon-steel-dingli-spring\/#breadcrumb"},"inLanguage":"de","potentialAction":[{"@type":"ReadAction","target":["https:\/\/dinglidiespring.com\/product\/light-duty-jis-compression-spring-65mn-carbon-steel-dingli-spring\/"]}]},{"@type":"ImageObject","inLanguage":"de","@id":"https:\/\/dinglidiespring.com\/product\/light-duty-jis-compression-spring-65mn-carbon-steel-dingli-spring\/#primaryimage","url":"https:\/\/dinglidiespring.com\/wp-content\/uploads\/2025\/07\/Light-Duty-JIS-Compression-Spring-65Mn-Carbon-Steel-DingLi-Spring-1-1753248629.jpg","contentUrl":"https:\/\/dinglidiespring.com\/wp-content\/uploads\/2025\/07\/Light-Duty-JIS-Compression-Spring-65Mn-Carbon-Steel-DingLi-Spring-1-1753248629.jpg","width":800,"height":800},{"@type":"BreadcrumbList","@id":"https:\/\/dinglidiespring.com\/product\/light-duty-jis-compression-spring-65mn-carbon-steel-dingli-spring\/#breadcrumb","itemListElement":[{"@type":"ListItem","position":1,"name":"\u9996\u9875","item":"https:\/\/dinglidiespring.com\/"},{"@type":"ListItem","position":2,"name":"Products","item":"https:\/\/dinglidiespring.com\/shop__trashed-2\/"},{"@type":"ListItem","position":3,"name":"Light Duty JIS Compression Spring 65Mn Carbon Steel DingLi Spring"}]},{"@type":"WebSite","@id":"https:\/\/dinglidiespring.com\/#website","url":"https:\/\/dinglidiespring.com\/","name":"dinglispring","description":"Dingli liefert seit 30 Jahren hochwertige Federn und Dr\u00e4hte. Wir bieten schnelle Lieferung und professionelle Designunterst\u00fctzung. Kontaktieren Sie uns, um mehr \u00fcber unsere F\u00e4higkeiten und Dienstleistungen zu erfahren.","publisher":{"@id":"https:\/\/dinglidiespring.com\/#organization"},"potentialAction":[{"@type":"SearchAction","target":{"@type":"EntryPoint","urlTemplate":"https:\/\/dinglidiespring.com\/?s={search_term_string}"},"query-input":{"@type":"PropertyValueSpecification","valueRequired":true,"valueName":"search_term_string"}}],"inLanguage":"de"},{"@type":"Organization","@id":"https:\/\/dinglidiespring.com\/#organization","name":"dinglispring","url":"https:\/\/dinglidiespring.com\/","logo":{"@type":"ImageObject","inLanguage":"de","@id":"https:\/\/dinglidiespring.com\/#\/schema\/logo\/image\/","url":"https:\/\/dinglidiespring.com\/wp-content\/uploads\/2025\/05\/dinglidiespringlogo.png","contentUrl":"https:\/\/dinglidiespring.com\/wp-content\/uploads\/2025\/05\/dinglidiespringlogo.png","width":400,"height":100,"caption":"dinglispring"},"image":{"@id":"https:\/\/dinglidiespring.com\/#\/schema\/logo\/image\/"},"sameAs":["https:\/\/www.facebook.com\/profile.php?id=61557424736593","https:\/\/www.youtube.com\/@dinglidiespring"]}]}},"_links":{"self":[{"href":"https:\/\/dinglidiespring.com\/de\/wp-json\/wp\/v2\/product\/7139","targetHints":{"allow":["GET"]}}],"collection":[{"href":"https:\/\/dinglidiespring.com\/de\/wp-json\/wp\/v2\/product"}],"about":[{"href":"https:\/\/dinglidiespring.com\/de\/wp-json\/wp\/v2\/types\/product"}],"replies":[{"embeddable":true,"href":"https:\/\/dinglidiespring.com\/de\/wp-json\/wp\/v2\/comments?post=7139"}],"wp:featuredmedia":[{"embeddable":true,"href":"https:\/\/dinglidiespring.com\/de\/wp-json\/wp\/v2\/media\/7140"}],"wp:attachment":[{"href":"https:\/\/dinglidiespring.com\/de\/wp-json\/wp\/v2\/media?parent=7139"}],"wp:term":[{"taxonomy":"product_brand","embeddable":true,"href":"https:\/\/dinglidiespring.com\/de\/wp-json\/wp\/v2\/product_brand?post=7139"},{"taxonomy":"product_cat","embeddable":true,"href":"https:\/\/dinglidiespring.com\/de\/wp-json\/wp\/v2\/product_cat?post=7139"},{"taxonomy":"product_tag","embeddable":true,"href":"https:\/\/dinglidiespring.com\/de\/wp-json\/wp\/v2\/product_tag?post=7139"}],"curies":[{"name":"wp","href":"https:\/\/api.w.org\/{rel}","templated":true}]}}