{"id":7218,"date":"2025-07-24T16:54:47","date_gmt":"2025-07-24T08:54:47","guid":{"rendered":"https:\/\/dinglidiespring.com\/?post_type=product&#038;p=7218"},"modified":"2025-07-25T16:55:33","modified_gmt":"2025-07-25T08:55:33","slug":"light-duty-jis-die-spring-50crva-alloy-steel-dingli-spring","status":"publish","type":"product","link":"https:\/\/dinglidiespring.com\/de\/product\/light-duty-jis-die-spring-50crva-alloy-steel-dingli-spring\/","title":{"rendered":"Leichte JIS-Matrizenfeder 50CrVA-legierter Stahl DingLi-Feder"},"content":{"rendered":"<p><img fetchpriority=\"high\" decoding=\"async\" class=\"alignnone size-full wp-image-7219\" src=\"https:\/\/dinglidiespring.com\/wp-content\/uploads\/2025\/07\/dingli-50crva-light-duty-jis-spring-specs-chart-1-1753347206.jpg\" alt=\"\" width=\"750\" height=\"634\" srcset=\"https:\/\/dinglidiespring.com\/wp-content\/uploads\/2025\/07\/dingli-50crva-light-duty-jis-spring-specs-chart-1-1753347206.jpg 750w, https:\/\/dinglidiespring.com\/wp-content\/uploads\/2025\/07\/dingli-50crva-light-duty-jis-spring-specs-chart-1-1753347206-300x254.jpg 300w, https:\/\/dinglidiespring.com\/wp-content\/uploads\/2025\/07\/dingli-50crva-light-duty-jis-spring-specs-chart-1-1753347206-600x507.jpg 600w\" sizes=\"(max-width: 750px) 100vw, 750px\" \/> <img decoding=\"async\" class=\"alignnone size-full wp-image-7220\" src=\"https:\/\/dinglidiespring.com\/wp-content\/uploads\/2025\/07\/dingli-50crva-light-duty-jis-spring-specs-chart-2-1753347209.jpg\" alt=\"\" width=\"750\" height=\"634\" srcset=\"https:\/\/dinglidiespring.com\/wp-content\/uploads\/2025\/07\/dingli-50crva-light-duty-jis-spring-specs-chart-2-1753347209.jpg 750w, https:\/\/dinglidiespring.com\/wp-content\/uploads\/2025\/07\/dingli-50crva-light-duty-jis-spring-specs-chart-2-1753347209-300x254.jpg 300w, https:\/\/dinglidiespring.com\/wp-content\/uploads\/2025\/07\/dingli-50crva-light-duty-jis-spring-specs-chart-2-1753347209-600x507.jpg 600w\" sizes=\"(max-width: 750px) 100vw, 750px\" \/> <img decoding=\"async\" class=\"alignnone size-full wp-image-7221\" src=\"https:\/\/dinglidiespring.com\/wp-content\/uploads\/2025\/07\/dingli-50crva-light-duty-jis-spring-specs-chart-3-1753347213.jpg\" alt=\"\" width=\"750\" height=\"634\" srcset=\"https:\/\/dinglidiespring.com\/wp-content\/uploads\/2025\/07\/dingli-50crva-light-duty-jis-spring-specs-chart-3-1753347213.jpg 750w, https:\/\/dinglidiespring.com\/wp-content\/uploads\/2025\/07\/dingli-50crva-light-duty-jis-spring-specs-chart-3-1753347213-300x254.jpg 300w, https:\/\/dinglidiespring.com\/wp-content\/uploads\/2025\/07\/dingli-50crva-light-duty-jis-spring-specs-chart-3-1753347213-600x507.jpg 600w\" sizes=\"(max-width: 750px) 100vw, 750px\" \/> <img loading=\"lazy\" decoding=\"async\" class=\"alignnone size-full wp-image-7222\" src=\"https:\/\/dinglidiespring.com\/wp-content\/uploads\/2025\/07\/dingli-50crva-light-duty-jis-spring-specs-chart-4-1753347215.jpg\" alt=\"\" width=\"750\" height=\"634\" srcset=\"https:\/\/dinglidiespring.com\/wp-content\/uploads\/2025\/07\/dingli-50crva-light-duty-jis-spring-specs-chart-4-1753347215.jpg 750w, https:\/\/dinglidiespring.com\/wp-content\/uploads\/2025\/07\/dingli-50crva-light-duty-jis-spring-specs-chart-4-1753347215-300x254.jpg 300w, https:\/\/dinglidiespring.com\/wp-content\/uploads\/2025\/07\/dingli-50crva-light-duty-jis-spring-specs-chart-4-1753347215-600x507.jpg 600w\" sizes=\"(max-width: 750px) 100vw, 750px\" \/> <img loading=\"lazy\" decoding=\"async\" class=\"alignnone size-full wp-image-7223\" src=\"https:\/\/dinglidiespring.com\/wp-content\/uploads\/2025\/07\/dingli-50crva-light-duty-jis-spring-specs-chart-5-1753347218.jpg\" alt=\"\" width=\"750\" height=\"634\" srcset=\"https:\/\/dinglidiespring.com\/wp-content\/uploads\/2025\/07\/dingli-50crva-light-duty-jis-spring-specs-chart-5-1753347218.jpg 750w, https:\/\/dinglidiespring.com\/wp-content\/uploads\/2025\/07\/dingli-50crva-light-duty-jis-spring-specs-chart-5-1753347218-300x254.jpg 300w, https:\/\/dinglidiespring.com\/wp-content\/uploads\/2025\/07\/dingli-50crva-light-duty-jis-spring-specs-chart-5-1753347218-600x507.jpg 600w\" sizes=\"(max-width: 750px) 100vw, 750px\" \/> <img loading=\"lazy\" decoding=\"async\" class=\"alignnone size-full wp-image-7224\" src=\"https:\/\/dinglidiespring.com\/wp-content\/uploads\/2025\/07\/dingli-50crva-light-duty-jis-spring-specs-chart-6-1753347221.jpg\" alt=\"\" width=\"750\" height=\"634\" srcset=\"https:\/\/dinglidiespring.com\/wp-content\/uploads\/2025\/07\/dingli-50crva-light-duty-jis-spring-specs-chart-6-1753347221.jpg 750w, https:\/\/dinglidiespring.com\/wp-content\/uploads\/2025\/07\/dingli-50crva-light-duty-jis-spring-specs-chart-6-1753347221-300x254.jpg 300w, https:\/\/dinglidiespring.com\/wp-content\/uploads\/2025\/07\/dingli-50crva-light-duty-jis-spring-specs-chart-6-1753347221-600x507.jpg 600w\" sizes=\"(max-width: 750px) 100vw, 750px\" \/> <img loading=\"lazy\" decoding=\"async\" class=\"alignnone size-full wp-image-7225\" src=\"https:\/\/dinglidiespring.com\/wp-content\/uploads\/2025\/07\/dingli-50crva-light-duty-jis-spring-specs-chart-7-1753347224.jpg\" alt=\"\" width=\"750\" height=\"634\" srcset=\"https:\/\/dinglidiespring.com\/wp-content\/uploads\/2025\/07\/dingli-50crva-light-duty-jis-spring-specs-chart-7-1753347224.jpg 750w, https:\/\/dinglidiespring.com\/wp-content\/uploads\/2025\/07\/dingli-50crva-light-duty-jis-spring-specs-chart-7-1753347224-300x254.jpg 300w, https:\/\/dinglidiespring.com\/wp-content\/uploads\/2025\/07\/dingli-50crva-light-duty-jis-spring-specs-chart-7-1753347224-600x507.jpg 600w\" sizes=\"(max-width: 750px) 100vw, 750px\" \/> <img loading=\"lazy\" decoding=\"async\" class=\"alignnone size-full wp-image-7226\" src=\"https:\/\/dinglidiespring.com\/wp-content\/uploads\/2025\/07\/dingli-50crva-light-duty-jis-spring-specs-chart-8-1753347227.jpg\" alt=\"\" width=\"750\" height=\"634\" srcset=\"https:\/\/dinglidiespring.com\/wp-content\/uploads\/2025\/07\/dingli-50crva-light-duty-jis-spring-specs-chart-8-1753347227.jpg 750w, https:\/\/dinglidiespring.com\/wp-content\/uploads\/2025\/07\/dingli-50crva-light-duty-jis-spring-specs-chart-8-1753347227-300x254.jpg 300w, https:\/\/dinglidiespring.com\/wp-content\/uploads\/2025\/07\/dingli-50crva-light-duty-jis-spring-specs-chart-8-1753347227-600x507.jpg 600w\" sizes=\"(max-width: 750px) 100vw, 750px\" \/> <img loading=\"lazy\" decoding=\"async\" class=\"alignnone size-full wp-image-7227\" src=\"https:\/\/dinglidiespring.com\/wp-content\/uploads\/2025\/07\/dingli-50crva-light-duty-jis-spring-specs-chart-9-1753347229.jpg\" alt=\"\" width=\"750\" height=\"634\" srcset=\"https:\/\/dinglidiespring.com\/wp-content\/uploads\/2025\/07\/dingli-50crva-light-duty-jis-spring-specs-chart-9-1753347229.jpg 750w, https:\/\/dinglidiespring.com\/wp-content\/uploads\/2025\/07\/dingli-50crva-light-duty-jis-spring-specs-chart-9-1753347229-300x254.jpg 300w, https:\/\/dinglidiespring.com\/wp-content\/uploads\/2025\/07\/dingli-50crva-light-duty-jis-spring-specs-chart-9-1753347229-600x507.jpg 600w\" sizes=\"(max-width: 750px) 100vw, 750px\" \/> <img loading=\"lazy\" decoding=\"async\" class=\"alignnone size-full wp-image-7228\" src=\"https:\/\/dinglidiespring.com\/wp-content\/uploads\/2025\/07\/dingli-50crva-light-duty-jis-spring-specs-chart-10-1753347232.jpg\" alt=\"\" width=\"750\" height=\"634\" srcset=\"https:\/\/dinglidiespring.com\/wp-content\/uploads\/2025\/07\/dingli-50crva-light-duty-jis-spring-specs-chart-10-1753347232.jpg 750w, https:\/\/dinglidiespring.com\/wp-content\/uploads\/2025\/07\/dingli-50crva-light-duty-jis-spring-specs-chart-10-1753347232-300x254.jpg 300w, https:\/\/dinglidiespring.com\/wp-content\/uploads\/2025\/07\/dingli-50crva-light-duty-jis-spring-specs-chart-10-1753347232-600x507.jpg 600w\" sizes=\"(max-width: 750px) 100vw, 750px\" \/> <img loading=\"lazy\" decoding=\"async\" class=\"alignnone size-full wp-image-7229\" src=\"https:\/\/dinglidiespring.com\/wp-content\/uploads\/2025\/07\/dingli-50crva-light-duty-jis-spring-specs-chart-11-1753347235.jpg\" alt=\"\" width=\"750\" height=\"563\" srcset=\"https:\/\/dinglidiespring.com\/wp-content\/uploads\/2025\/07\/dingli-50crva-light-duty-jis-spring-specs-chart-11-1753347235.jpg 750w, https:\/\/dinglidiespring.com\/wp-content\/uploads\/2025\/07\/dingli-50crva-light-duty-jis-spring-specs-chart-11-1753347235-300x225.jpg 300w, https:\/\/dinglidiespring.com\/wp-content\/uploads\/2025\/07\/dingli-50crva-light-duty-jis-spring-specs-chart-11-1753347235-600x450.jpg 600w\" sizes=\"(max-width: 750px) 100vw, 750px\" \/><\/p>","protected":false},"excerpt":{"rendered":"<p>Unsere leichte JIS-Werkzeugfeder ist f\u00fcr Anwendungen mit mittlerer Belastung konzipiert. Hergestellt aus hochwertigem 50CrVA-Stahl und nach JIS-Standards gefertigt, bietet diese Feder zuverl\u00e4ssige Festigkeit und ein gleichbleibendes Verhalten. DingLi Spring bietet Anpassungsm\u00f6glichkeiten, um die Abmessungen und mechanischen Eigenschaften der Feder an Ihre spezifischen Anforderungen anzupassen.<\/p>\n<ul>\n<li>Hergestellt aus hochwertigem 50CrVA-Legierungsstahl, der Haltbarkeit und Elastizit\u00e4t gew\u00e4hrleistet.<\/li>\n<li>Hergestellt gem\u00e4\u00df den JIS-Standards f\u00fcr Pr\u00e4zision und Konsistenz.<\/li>\n<li>Anpassbare Spezifikationen zur Erf\u00fcllung verschiedener Anwendungsanforderungen.<\/li>\n<\/ul>","protected":false},"featured_media":7230,"comment_status":"open","ping_status":"closed","template":"","meta":{"site-sidebar-layout":"default","site-content-layout":"","ast-site-content-layout":"default","site-content-style":"default","site-sidebar-style":"default","ast-global-header-display":"","ast-banner-title-visibility":"","ast-main-header-display":"","ast-hfb-above-header-display":"","ast-hfb-below-header-display":"","ast-hfb-mobile-header-display":"","site-post-title":"","ast-breadcrumbs-content":"","ast-featured-img":"","footer-sml-layout":"","ast-disable-related-posts":"","theme-transparent-header-meta":"default","adv-header-id-meta":"","stick-header-meta":"","header-above-stick-meta":"","header-main-stick-meta":"","header-below-stick-meta":"","astra-migrate-meta-layouts":"set","ast-page-background-enabled":"default","ast-page-background-meta":{"desktop":{"background-color":"","background-image":"","background-repeat":"repeat","background-position":"center center","background-size":"auto","background-attachment":"scroll","background-type":"","background-media":"","overlay-type":"","overlay-color":"","overlay-opacity":"","overlay-gradient":""},"tablet":{"background-color":"","background-image":"","background-repeat":"repeat","background-position":"center center","background-size":"auto","background-attachment":"scroll","background-type":"","background-media":"","overlay-type":"","overlay-color":"","overlay-opacity":"","overlay-gradient":""},"mobile":{"background-color":"","background-image":"","background-repeat":"repeat","background-position":"center center","background-size":"auto","background-attachment":"scroll","background-type":"","background-media":"","overlay-type":"","overlay-color":"","overlay-opacity":"","overlay-gradient":""}},"ast-content-background-meta":{"desktop":{"background-color":"var(--ast-global-color-5)","background-image":"","background-repeat":"repeat","background-position":"center center","background-size":"auto","background-attachment":"scroll","background-type":"","background-media":"","overlay-type":"","overlay-color":"","overlay-opacity":"","overlay-gradient":""},"tablet":{"background-color":"var(--ast-global-color-5)","background-image":"","background-repeat":"repeat","background-position":"center center","background-size":"auto","background-attachment":"scroll","background-type":"","background-media":"","overlay-type":"","overlay-color":"","overlay-opacity":"","overlay-gradient":""},"mobile":{"background-color":"var(--ast-global-color-5)","background-image":"","background-repeat":"repeat","background-position":"center center","background-size":"auto","background-attachment":"scroll","background-type":"","background-media":"","overlay-type":"","overlay-color":"","overlay-opacity":"","overlay-gradient":""}}},"product_brand":[],"product_cat":[38,72],"product_tag":[],"class_list":{"0":"post-7218","1":"product","2":"type-product","3":"status-publish","4":"has-post-thumbnail","6":"product_cat-die-springs","7":"product_cat-jis-die-spring","8":"desktop-align-left","9":"tablet-align-left","10":"mobile-align-left","12":"first","13":"instock","14":"shipping-taxable","15":"product-type-simple"},"yoast_head":"<!-- This site is optimized with the Yoast SEO plugin v27.3 - https:\/\/yoast.com\/product\/yoast-seo-wordpress\/ -->\n<title>Light Duty JIS Die Spring 50CrVA Alloy Steel DingLi Spring - dinglispring<\/title>\n<meta name=\"description\" content=\"Our Light Duty JIS Die Spring is designed for applications requiring moderate load performance. Made from premium 50CrVA alloy steel and manufactured in accordance with JIS standards, this spring offers reliable strength and consistent behavior. DingLi Spring provides customization options to tailor the spring\u2019s dimensions and mechanical properties for your specific needs.\" \/>\n<meta name=\"robots\" content=\"index, follow, max-snippet:-1, max-image-preview:large, max-video-preview:-1\" \/>\n<link rel=\"canonical\" href=\"https:\/\/dinglidiespring.com\/de\/product\/light-duty-jis-die-spring-50crva-alloy-steel-dingli-spring\/\" \/>\n<meta property=\"og:locale\" content=\"de_DE\" \/>\n<meta property=\"og:type\" content=\"article\" \/>\n<meta property=\"og:title\" content=\"Light Duty JIS Die Spring 50CrVA Alloy Steel DingLi Spring - dinglispring\" \/>\n<meta property=\"og:description\" content=\"Our Light Duty JIS Die Spring is designed for applications requiring moderate load performance. Made from premium 50CrVA alloy steel and manufactured in accordance with JIS standards, this spring offers reliable strength and consistent behavior. DingLi Spring provides customization options to tailor the spring\u2019s dimensions and mechanical properties for your specific needs.\" \/>\n<meta property=\"og:url\" content=\"https:\/\/dinglidiespring.com\/de\/product\/light-duty-jis-die-spring-50crva-alloy-steel-dingli-spring\/\" \/>\n<meta property=\"og:site_name\" content=\"dinglispring\" \/>\n<meta property=\"article:publisher\" content=\"https:\/\/www.facebook.com\/profile.php?id=61557424736593\" \/>\n<meta property=\"article:modified_time\" content=\"2025-07-25T08:55:33+00:00\" \/>\n<meta property=\"og:image\" content=\"https:\/\/dinglidiespring.com\/wp-content\/uploads\/2025\/07\/Light-Duty-JIS-Die-Spring-50CrVA-Alloy-Steel-DingLi-Spring-1-1753347254.jpg\" \/>\n\t<meta property=\"og:image:width\" content=\"800\" \/>\n\t<meta property=\"og:image:height\" content=\"800\" \/>\n\t<meta property=\"og:image:type\" content=\"image\/jpeg\" \/>\n<meta name=\"twitter:card\" content=\"summary_large_image\" \/>\n<meta name=\"twitter:label1\" content=\"Gesch\u00e4tzte Lesezeit\" \/>\n\t<meta name=\"twitter:data1\" content=\"3\u00a0Minuten\" \/>\n<script type=\"application\/ld+json\" class=\"yoast-schema-graph\">{\"@context\":\"https:\\\/\\\/schema.org\",\"@graph\":[{\"@type\":\"WebPage\",\"@id\":\"https:\\\/\\\/dinglidiespring.com\\\/product\\\/light-duty-jis-die-spring-50crva-alloy-steel-dingli-spring\\\/\",\"url\":\"https:\\\/\\\/dinglidiespring.com\\\/product\\\/light-duty-jis-die-spring-50crva-alloy-steel-dingli-spring\\\/\",\"name\":\"Light Duty JIS Die Spring 50CrVA Alloy Steel DingLi Spring - dinglispring\",\"isPartOf\":{\"@id\":\"https:\\\/\\\/dinglidiespring.com\\\/#website\"},\"primaryImageOfPage\":{\"@id\":\"https:\\\/\\\/dinglidiespring.com\\\/product\\\/light-duty-jis-die-spring-50crva-alloy-steel-dingli-spring\\\/#primaryimage\"},\"image\":{\"@id\":\"https:\\\/\\\/dinglidiespring.com\\\/product\\\/light-duty-jis-die-spring-50crva-alloy-steel-dingli-spring\\\/#primaryimage\"},\"thumbnailUrl\":\"https:\\\/\\\/dinglidiespring.com\\\/wp-content\\\/uploads\\\/2025\\\/07\\\/Light-Duty-JIS-Die-Spring-50CrVA-Alloy-Steel-DingLi-Spring-1-1753347254.jpg\",\"datePublished\":\"2025-07-24T08:54:47+00:00\",\"dateModified\":\"2025-07-25T08:55:33+00:00\",\"description\":\"Our Light Duty JIS Die Spring is designed for applications requiring moderate load performance. Made from premium 50CrVA alloy steel and manufactured in accordance with JIS standards, this spring offers reliable strength and consistent behavior. DingLi Spring provides customization options to tailor the spring\u2019s dimensions and mechanical properties for your specific needs.\",\"breadcrumb\":{\"@id\":\"https:\\\/\\\/dinglidiespring.com\\\/product\\\/light-duty-jis-die-spring-50crva-alloy-steel-dingli-spring\\\/#breadcrumb\"},\"inLanguage\":\"de\",\"potentialAction\":[{\"@type\":\"ReadAction\",\"target\":[\"https:\\\/\\\/dinglidiespring.com\\\/product\\\/light-duty-jis-die-spring-50crva-alloy-steel-dingli-spring\\\/\"]}]},{\"@type\":\"ImageObject\",\"inLanguage\":\"de\",\"@id\":\"https:\\\/\\\/dinglidiespring.com\\\/product\\\/light-duty-jis-die-spring-50crva-alloy-steel-dingli-spring\\\/#primaryimage\",\"url\":\"https:\\\/\\\/dinglidiespring.com\\\/wp-content\\\/uploads\\\/2025\\\/07\\\/Light-Duty-JIS-Die-Spring-50CrVA-Alloy-Steel-DingLi-Spring-1-1753347254.jpg\",\"contentUrl\":\"https:\\\/\\\/dinglidiespring.com\\\/wp-content\\\/uploads\\\/2025\\\/07\\\/Light-Duty-JIS-Die-Spring-50CrVA-Alloy-Steel-DingLi-Spring-1-1753347254.jpg\",\"width\":800,\"height\":800},{\"@type\":\"BreadcrumbList\",\"@id\":\"https:\\\/\\\/dinglidiespring.com\\\/product\\\/light-duty-jis-die-spring-50crva-alloy-steel-dingli-spring\\\/#breadcrumb\",\"itemListElement\":[{\"@type\":\"ListItem\",\"position\":1,\"name\":\"\u9996\u9875\",\"item\":\"https:\\\/\\\/dinglidiespring.com\\\/\"},{\"@type\":\"ListItem\",\"position\":2,\"name\":\"Products\",\"item\":\"https:\\\/\\\/dinglidiespring.com\\\/shop__trashed-2\\\/\"},{\"@type\":\"ListItem\",\"position\":3,\"name\":\"Light Duty JIS Die Spring 50CrVA Alloy Steel DingLi Spring\"}]},{\"@type\":\"WebSite\",\"@id\":\"https:\\\/\\\/dinglidiespring.com\\\/#website\",\"url\":\"https:\\\/\\\/dinglidiespring.com\\\/\",\"name\":\"dinglispring\",\"description\":\"Dingli has been supplying high quality springs and wires for 30 years. We offer fast delivery as well as professional design support. Please contact us to learn more about our capabilities and services.\",\"publisher\":{\"@id\":\"https:\\\/\\\/dinglidiespring.com\\\/#organization\"},\"potentialAction\":[{\"@type\":\"SearchAction\",\"target\":{\"@type\":\"EntryPoint\",\"urlTemplate\":\"https:\\\/\\\/dinglidiespring.com\\\/?s={search_term_string}\"},\"query-input\":{\"@type\":\"PropertyValueSpecification\",\"valueRequired\":true,\"valueName\":\"search_term_string\"}}],\"inLanguage\":\"de\"},{\"@type\":\"Organization\",\"@id\":\"https:\\\/\\\/dinglidiespring.com\\\/#organization\",\"name\":\"dinglispring\",\"url\":\"https:\\\/\\\/dinglidiespring.com\\\/\",\"logo\":{\"@type\":\"ImageObject\",\"inLanguage\":\"de\",\"@id\":\"https:\\\/\\\/dinglidiespring.com\\\/#\\\/schema\\\/logo\\\/image\\\/\",\"url\":\"https:\\\/\\\/dinglidiespring.com\\\/wp-content\\\/uploads\\\/2025\\\/05\\\/dinglidiespringlogo.png\",\"contentUrl\":\"https:\\\/\\\/dinglidiespring.com\\\/wp-content\\\/uploads\\\/2025\\\/05\\\/dinglidiespringlogo.png\",\"width\":400,\"height\":100,\"caption\":\"dinglispring\"},\"image\":{\"@id\":\"https:\\\/\\\/dinglidiespring.com\\\/#\\\/schema\\\/logo\\\/image\\\/\"},\"sameAs\":[\"https:\\\/\\\/www.facebook.com\\\/profile.php?id=61557424736593\",\"https:\\\/\\\/www.youtube.com\\\/@dinglidiespring\"]}]}<\/script>\n<!-- \/ Yoast SEO plugin. -->","yoast_head_json":{"title":"Leichte JIS-Matrizenfeder 50CrVA-legierter Stahl DingLi-Feder - dinglispring","description":"Unsere leichte JIS-Werkzeugfeder ist f\u00fcr Anwendungen mit mittlerer Belastung konzipiert. Hergestellt aus hochwertigem 50CrVA-Stahl und nach JIS-Standards gefertigt, bietet diese Feder zuverl\u00e4ssige Festigkeit und ein gleichbleibendes Verhalten. DingLi Spring bietet Anpassungsm\u00f6glichkeiten, um die Abmessungen und mechanischen Eigenschaften der Feder an Ihre spezifischen Anforderungen anzupassen.","robots":{"index":"index","follow":"follow","max-snippet":"max-snippet:-1","max-image-preview":"max-image-preview:large","max-video-preview":"max-video-preview:-1"},"canonical":"https:\/\/dinglidiespring.com\/de\/product\/light-duty-jis-die-spring-50crva-alloy-steel-dingli-spring\/","og_locale":"de_DE","og_type":"article","og_title":"Light Duty JIS Die Spring 50CrVA Alloy Steel DingLi Spring - dinglispring","og_description":"Our Light Duty JIS Die Spring is designed for applications requiring moderate load performance. Made from premium 50CrVA alloy steel and manufactured in accordance with JIS standards, this spring offers reliable strength and consistent behavior. DingLi Spring provides customization options to tailor the spring\u2019s dimensions and mechanical properties for your specific needs.","og_url":"https:\/\/dinglidiespring.com\/de\/product\/light-duty-jis-die-spring-50crva-alloy-steel-dingli-spring\/","og_site_name":"dinglispring","article_publisher":"https:\/\/www.facebook.com\/profile.php?id=61557424736593","article_modified_time":"2025-07-25T08:55:33+00:00","og_image":[{"width":800,"height":800,"url":"https:\/\/dinglidiespring.com\/wp-content\/uploads\/2025\/07\/Light-Duty-JIS-Die-Spring-50CrVA-Alloy-Steel-DingLi-Spring-1-1753347254.jpg","type":"image\/jpeg"}],"twitter_card":"summary_large_image","twitter_misc":{"Gesch\u00e4tzte Lesezeit":"3\u00a0Minuten"},"schema":{"@context":"https:\/\/schema.org","@graph":[{"@type":"WebPage","@id":"https:\/\/dinglidiespring.com\/product\/light-duty-jis-die-spring-50crva-alloy-steel-dingli-spring\/","url":"https:\/\/dinglidiespring.com\/product\/light-duty-jis-die-spring-50crva-alloy-steel-dingli-spring\/","name":"Leichte JIS-Matrizenfeder 50CrVA-legierter Stahl DingLi-Feder - dinglispring","isPartOf":{"@id":"https:\/\/dinglidiespring.com\/#website"},"primaryImageOfPage":{"@id":"https:\/\/dinglidiespring.com\/product\/light-duty-jis-die-spring-50crva-alloy-steel-dingli-spring\/#primaryimage"},"image":{"@id":"https:\/\/dinglidiespring.com\/product\/light-duty-jis-die-spring-50crva-alloy-steel-dingli-spring\/#primaryimage"},"thumbnailUrl":"https:\/\/dinglidiespring.com\/wp-content\/uploads\/2025\/07\/Light-Duty-JIS-Die-Spring-50CrVA-Alloy-Steel-DingLi-Spring-1-1753347254.jpg","datePublished":"2025-07-24T08:54:47+00:00","dateModified":"2025-07-25T08:55:33+00:00","description":"Unsere leichte JIS-Werkzeugfeder ist f\u00fcr Anwendungen mit mittlerer Belastung konzipiert. Hergestellt aus hochwertigem 50CrVA-Stahl und nach JIS-Standards gefertigt, bietet diese Feder zuverl\u00e4ssige Festigkeit und ein gleichbleibendes Verhalten. DingLi Spring bietet Anpassungsm\u00f6glichkeiten, um die Abmessungen und mechanischen Eigenschaften der Feder an Ihre spezifischen Anforderungen anzupassen.","breadcrumb":{"@id":"https:\/\/dinglidiespring.com\/product\/light-duty-jis-die-spring-50crva-alloy-steel-dingli-spring\/#breadcrumb"},"inLanguage":"de","potentialAction":[{"@type":"ReadAction","target":["https:\/\/dinglidiespring.com\/product\/light-duty-jis-die-spring-50crva-alloy-steel-dingli-spring\/"]}]},{"@type":"ImageObject","inLanguage":"de","@id":"https:\/\/dinglidiespring.com\/product\/light-duty-jis-die-spring-50crva-alloy-steel-dingli-spring\/#primaryimage","url":"https:\/\/dinglidiespring.com\/wp-content\/uploads\/2025\/07\/Light-Duty-JIS-Die-Spring-50CrVA-Alloy-Steel-DingLi-Spring-1-1753347254.jpg","contentUrl":"https:\/\/dinglidiespring.com\/wp-content\/uploads\/2025\/07\/Light-Duty-JIS-Die-Spring-50CrVA-Alloy-Steel-DingLi-Spring-1-1753347254.jpg","width":800,"height":800},{"@type":"BreadcrumbList","@id":"https:\/\/dinglidiespring.com\/product\/light-duty-jis-die-spring-50crva-alloy-steel-dingli-spring\/#breadcrumb","itemListElement":[{"@type":"ListItem","position":1,"name":"\u9996\u9875","item":"https:\/\/dinglidiespring.com\/"},{"@type":"ListItem","position":2,"name":"Products","item":"https:\/\/dinglidiespring.com\/shop__trashed-2\/"},{"@type":"ListItem","position":3,"name":"Light Duty JIS Die Spring 50CrVA Alloy Steel DingLi Spring"}]},{"@type":"WebSite","@id":"https:\/\/dinglidiespring.com\/#website","url":"https:\/\/dinglidiespring.com\/","name":"dinglispring","description":"Dingli liefert seit 30 Jahren hochwertige Federn und Dr\u00e4hte. Wir bieten schnelle Lieferung und professionelle Designunterst\u00fctzung. Kontaktieren Sie uns, um mehr \u00fcber unsere F\u00e4higkeiten und Dienstleistungen zu erfahren.","publisher":{"@id":"https:\/\/dinglidiespring.com\/#organization"},"potentialAction":[{"@type":"SearchAction","target":{"@type":"EntryPoint","urlTemplate":"https:\/\/dinglidiespring.com\/?s={search_term_string}"},"query-input":{"@type":"PropertyValueSpecification","valueRequired":true,"valueName":"search_term_string"}}],"inLanguage":"de"},{"@type":"Organization","@id":"https:\/\/dinglidiespring.com\/#organization","name":"dinglispring","url":"https:\/\/dinglidiespring.com\/","logo":{"@type":"ImageObject","inLanguage":"de","@id":"https:\/\/dinglidiespring.com\/#\/schema\/logo\/image\/","url":"https:\/\/dinglidiespring.com\/wp-content\/uploads\/2025\/05\/dinglidiespringlogo.png","contentUrl":"https:\/\/dinglidiespring.com\/wp-content\/uploads\/2025\/05\/dinglidiespringlogo.png","width":400,"height":100,"caption":"dinglispring"},"image":{"@id":"https:\/\/dinglidiespring.com\/#\/schema\/logo\/image\/"},"sameAs":["https:\/\/www.facebook.com\/profile.php?id=61557424736593","https:\/\/www.youtube.com\/@dinglidiespring"]}]}},"_links":{"self":[{"href":"https:\/\/dinglidiespring.com\/de\/wp-json\/wp\/v2\/product\/7218","targetHints":{"allow":["GET"]}}],"collection":[{"href":"https:\/\/dinglidiespring.com\/de\/wp-json\/wp\/v2\/product"}],"about":[{"href":"https:\/\/dinglidiespring.com\/de\/wp-json\/wp\/v2\/types\/product"}],"replies":[{"embeddable":true,"href":"https:\/\/dinglidiespring.com\/de\/wp-json\/wp\/v2\/comments?post=7218"}],"wp:featuredmedia":[{"embeddable":true,"href":"https:\/\/dinglidiespring.com\/de\/wp-json\/wp\/v2\/media\/7230"}],"wp:attachment":[{"href":"https:\/\/dinglidiespring.com\/de\/wp-json\/wp\/v2\/media?parent=7218"}],"wp:term":[{"taxonomy":"product_brand","embeddable":true,"href":"https:\/\/dinglidiespring.com\/de\/wp-json\/wp\/v2\/product_brand?post=7218"},{"taxonomy":"product_cat","embeddable":true,"href":"https:\/\/dinglidiespring.com\/de\/wp-json\/wp\/v2\/product_cat?post=7218"},{"taxonomy":"product_tag","embeddable":true,"href":"https:\/\/dinglidiespring.com\/de\/wp-json\/wp\/v2\/product_tag?post=7218"}],"curies":[{"name":"wp","href":"https:\/\/api.w.org\/{rel}","templated":true}]}}