{"id":7359,"date":"2025-07-25T13:15:50","date_gmt":"2025-07-25T05:15:50","guid":{"rendered":"https:\/\/dinglidiespring.com\/?post_type=product&#038;p=7359"},"modified":"2025-07-25T16:54:47","modified_gmt":"2025-07-25T08:54:47","slug":"sae-38-die-red-spring-65mn-carbon-steel-dingli-spring","status":"publish","type":"product","link":"https:\/\/dinglidiespring.com\/de\/product\/sae-38-die-red-spring-65mn-carbon-steel-dingli-spring\/","title":{"rendered":"SAE 38% Die Red Spring 65Mn Kohlenstoffstahl DingLi Spring"},"content":{"rendered":"<p><img fetchpriority=\"high\" decoding=\"async\" class=\"alignnone size-full wp-image-7364\" src=\"https:\/\/dinglidiespring.com\/wp-content\/uploads\/2025\/07\/sae-red-65mn-specs-38pct-compression-1-1753420496.jpg\" alt=\"\" width=\"750\" height=\"912\" srcset=\"https:\/\/dinglidiespring.com\/wp-content\/uploads\/2025\/07\/sae-red-65mn-specs-38pct-compression-1-1753420496.jpg 750w, https:\/\/dinglidiespring.com\/wp-content\/uploads\/2025\/07\/sae-red-65mn-specs-38pct-compression-1-1753420496-247x300.jpg 247w, https:\/\/dinglidiespring.com\/wp-content\/uploads\/2025\/07\/sae-red-65mn-specs-38pct-compression-1-1753420496-600x730.jpg 600w\" sizes=\"(max-width: 750px) 100vw, 750px\" \/> <img decoding=\"async\" class=\"alignnone size-full wp-image-7365\" src=\"https:\/\/dinglidiespring.com\/wp-content\/uploads\/2025\/07\/sae-red-65mn-specs-38pct-compression-2-1753420498.jpg\" alt=\"\" width=\"750\" height=\"911\" srcset=\"https:\/\/dinglidiespring.com\/wp-content\/uploads\/2025\/07\/sae-red-65mn-specs-38pct-compression-2-1753420498.jpg 750w, https:\/\/dinglidiespring.com\/wp-content\/uploads\/2025\/07\/sae-red-65mn-specs-38pct-compression-2-1753420498-247x300.jpg 247w, https:\/\/dinglidiespring.com\/wp-content\/uploads\/2025\/07\/sae-red-65mn-specs-38pct-compression-2-1753420498-600x729.jpg 600w\" sizes=\"(max-width: 750px) 100vw, 750px\" \/><\/p>","protected":false},"excerpt":{"rendered":"<p>Unsere SAE 38% Die Red Spring wird fachm\u00e4nnisch aus hochwertigem 65Mn-Kohlenstoffstahl gefertigt und erf\u00fcllt die amerikanischen SAE-Standards f\u00fcr zuverl\u00e4ssige Leistung in Hochleistungsanwendungen. Diese Feder bietet konstante Festigkeit und Ma\u00dfgenauigkeit und eignet sich daher f\u00fcr verschiedene industrielle Anwendungen. DingLi Spring bietet individuelle Anpassungen an, um Gr\u00f6\u00dfe und mechanische Eigenschaften der Feder an Ihre spezifischen Anforderungen anzupassen.<\/p>\n<ul>\n<li>Hergestellt aus hochwertigem 65Mn-Kohlenstoffstahl, der St\u00e4rke und Haltbarkeit gew\u00e4hrleistet.<\/li>\n<li>Hergestellt gem\u00e4\u00df SAE-Standards f\u00fcr gleichbleibende Qualit\u00e4t und Pr\u00e4zision.<\/li>\n<li>Anpassbare Abmessungen und Spezifikationen zur Erf\u00fcllung unterschiedlicher Anwendungsanforderungen.<\/li>\n<\/ul>","protected":false},"featured_media":7362,"comment_status":"open","ping_status":"closed","template":"","meta":{"site-sidebar-layout":"default","site-content-layout":"","ast-site-content-layout":"default","site-content-style":"default","site-sidebar-style":"default","ast-global-header-display":"","ast-banner-title-visibility":"","ast-main-header-display":"","ast-hfb-above-header-display":"","ast-hfb-below-header-display":"","ast-hfb-mobile-header-display":"","site-post-title":"","ast-breadcrumbs-content":"","ast-featured-img":"","footer-sml-layout":"","ast-disable-related-posts":"","theme-transparent-header-meta":"default","adv-header-id-meta":"","stick-header-meta":"","header-above-stick-meta":"","header-main-stick-meta":"","header-below-stick-meta":"","astra-migrate-meta-layouts":"set","ast-page-background-enabled":"default","ast-page-background-meta":{"desktop":{"background-color":"","background-image":"","background-repeat":"repeat","background-position":"center center","background-size":"auto","background-attachment":"scroll","background-type":"","background-media":"","overlay-type":"","overlay-color":"","overlay-opacity":"","overlay-gradient":""},"tablet":{"background-color":"","background-image":"","background-repeat":"repeat","background-position":"center center","background-size":"auto","background-attachment":"scroll","background-type":"","background-media":"","overlay-type":"","overlay-color":"","overlay-opacity":"","overlay-gradient":""},"mobile":{"background-color":"","background-image":"","background-repeat":"repeat","background-position":"center center","background-size":"auto","background-attachment":"scroll","background-type":"","background-media":"","overlay-type":"","overlay-color":"","overlay-opacity":"","overlay-gradient":""}},"ast-content-background-meta":{"desktop":{"background-color":"var(--ast-global-color-5)","background-image":"","background-repeat":"repeat","background-position":"center center","background-size":"auto","background-attachment":"scroll","background-type":"","background-media":"","overlay-type":"","overlay-color":"","overlay-opacity":"","overlay-gradient":""},"tablet":{"background-color":"var(--ast-global-color-5)","background-image":"","background-repeat":"repeat","background-position":"center center","background-size":"auto","background-attachment":"scroll","background-type":"","background-media":"","overlay-type":"","overlay-color":"","overlay-opacity":"","overlay-gradient":""},"mobile":{"background-color":"var(--ast-global-color-5)","background-image":"","background-repeat":"repeat","background-position":"center center","background-size":"auto","background-attachment":"scroll","background-type":"","background-media":"","overlay-type":"","overlay-color":"","overlay-opacity":"","overlay-gradient":""}}},"product_brand":[],"product_cat":[38,73],"product_tag":[58,56,57],"class_list":{"0":"post-7359","1":"product","2":"type-product","3":"status-publish","4":"has-post-thumbnail","6":"product_cat-die-springs","7":"product_cat-us-die-springs","8":"product_tag-dingli-us-red-die-spring","9":"product_tag-us-die-spring","10":"product_tag-us-red-die-srping","11":"desktop-align-left","12":"tablet-align-left","13":"mobile-align-left","15":"first","16":"instock","17":"shipping-taxable","18":"product-type-simple"},"yoast_head":"<!-- This site is optimized with the Yoast SEO plugin v27.3 - https:\/\/yoast.com\/product\/yoast-seo-wordpress\/ -->\n<title>SAE 38% Die Red Spring 65Mn Carbon Steel DingLi Spring - dinglispring<\/title>\n<meta name=\"description\" content=\"Our SAE 38% Die Red Spring is expertly manufactured from high-quality 65Mn carbon steel, designed to meet American SAE standards for reliable performance in heavy-duty applications. This spring offers consistent strength and dimensional accuracy, making it suitable for various industrial uses. DingLi Spring provides customization services to tailor the spring\u2019s size and mechanical properties to your specific requirements.\" \/>\n<meta name=\"robots\" content=\"index, follow, max-snippet:-1, max-image-preview:large, max-video-preview:-1\" \/>\n<link rel=\"canonical\" href=\"https:\/\/dinglidiespring.com\/de\/product\/sae-38-die-red-spring-65mn-carbon-steel-dingli-spring\/\" \/>\n<meta property=\"og:locale\" content=\"de_DE\" \/>\n<meta property=\"og:type\" content=\"article\" \/>\n<meta property=\"og:title\" content=\"SAE 38% Die Red Spring 65Mn Carbon Steel DingLi Spring - dinglispring\" \/>\n<meta property=\"og:description\" content=\"Our SAE 38% Die Red Spring is expertly manufactured from high-quality 65Mn carbon steel, designed to meet American SAE standards for reliable performance in heavy-duty applications. This spring offers consistent strength and dimensional accuracy, making it suitable for various industrial uses. DingLi Spring provides customization services to tailor the spring\u2019s size and mechanical properties to your specific requirements.\" \/>\n<meta property=\"og:url\" content=\"https:\/\/dinglidiespring.com\/de\/product\/sae-38-die-red-spring-65mn-carbon-steel-dingli-spring\/\" \/>\n<meta property=\"og:site_name\" content=\"dinglispring\" \/>\n<meta property=\"article:publisher\" content=\"https:\/\/www.facebook.com\/profile.php?id=61557424736593\" \/>\n<meta property=\"article:modified_time\" content=\"2025-07-25T08:54:47+00:00\" \/>\n<meta property=\"og:image\" content=\"https:\/\/dinglidiespring.com\/wp-content\/uploads\/2025\/07\/SAE-38-Die-Red-Spring-65Mn-Carbon-Steel-DingLi-Spring-3-1753420452.jpg\" \/>\n\t<meta property=\"og:image:width\" content=\"800\" \/>\n\t<meta property=\"og:image:height\" content=\"800\" \/>\n\t<meta property=\"og:image:type\" content=\"image\/jpeg\" \/>\n<meta name=\"twitter:card\" content=\"summary_large_image\" \/>\n<meta name=\"twitter:label1\" content=\"Gesch\u00e4tzte Lesezeit\" \/>\n\t<meta name=\"twitter:data1\" content=\"1\u00a0Minute\" \/>\n<script type=\"application\/ld+json\" class=\"yoast-schema-graph\">{\"@context\":\"https:\\\/\\\/schema.org\",\"@graph\":[{\"@type\":\"WebPage\",\"@id\":\"https:\\\/\\\/dinglidiespring.com\\\/product\\\/sae-38-die-red-spring-65mn-carbon-steel-dingli-spring\\\/\",\"url\":\"https:\\\/\\\/dinglidiespring.com\\\/product\\\/sae-38-die-red-spring-65mn-carbon-steel-dingli-spring\\\/\",\"name\":\"SAE 38% Die Red Spring 65Mn Carbon Steel DingLi Spring - dinglispring\",\"isPartOf\":{\"@id\":\"https:\\\/\\\/dinglidiespring.com\\\/#website\"},\"primaryImageOfPage\":{\"@id\":\"https:\\\/\\\/dinglidiespring.com\\\/product\\\/sae-38-die-red-spring-65mn-carbon-steel-dingli-spring\\\/#primaryimage\"},\"image\":{\"@id\":\"https:\\\/\\\/dinglidiespring.com\\\/product\\\/sae-38-die-red-spring-65mn-carbon-steel-dingli-spring\\\/#primaryimage\"},\"thumbnailUrl\":\"https:\\\/\\\/dinglidiespring.com\\\/wp-content\\\/uploads\\\/2025\\\/07\\\/SAE-38-Die-Red-Spring-65Mn-Carbon-Steel-DingLi-Spring-3-1753420452.jpg\",\"datePublished\":\"2025-07-25T05:15:50+00:00\",\"dateModified\":\"2025-07-25T08:54:47+00:00\",\"description\":\"Our SAE 38% Die Red Spring is expertly manufactured from high-quality 65Mn carbon steel, designed to meet American SAE standards for reliable performance in heavy-duty applications. This spring offers consistent strength and dimensional accuracy, making it suitable for various industrial uses. DingLi Spring provides customization services to tailor the spring\u2019s size and mechanical properties to your specific requirements.\",\"breadcrumb\":{\"@id\":\"https:\\\/\\\/dinglidiespring.com\\\/product\\\/sae-38-die-red-spring-65mn-carbon-steel-dingli-spring\\\/#breadcrumb\"},\"inLanguage\":\"de\",\"potentialAction\":[{\"@type\":\"ReadAction\",\"target\":[\"https:\\\/\\\/dinglidiespring.com\\\/product\\\/sae-38-die-red-spring-65mn-carbon-steel-dingli-spring\\\/\"]}]},{\"@type\":\"ImageObject\",\"inLanguage\":\"de\",\"@id\":\"https:\\\/\\\/dinglidiespring.com\\\/product\\\/sae-38-die-red-spring-65mn-carbon-steel-dingli-spring\\\/#primaryimage\",\"url\":\"https:\\\/\\\/dinglidiespring.com\\\/wp-content\\\/uploads\\\/2025\\\/07\\\/SAE-38-Die-Red-Spring-65Mn-Carbon-Steel-DingLi-Spring-3-1753420452.jpg\",\"contentUrl\":\"https:\\\/\\\/dinglidiespring.com\\\/wp-content\\\/uploads\\\/2025\\\/07\\\/SAE-38-Die-Red-Spring-65Mn-Carbon-Steel-DingLi-Spring-3-1753420452.jpg\",\"width\":800,\"height\":800},{\"@type\":\"BreadcrumbList\",\"@id\":\"https:\\\/\\\/dinglidiespring.com\\\/product\\\/sae-38-die-red-spring-65mn-carbon-steel-dingli-spring\\\/#breadcrumb\",\"itemListElement\":[{\"@type\":\"ListItem\",\"position\":1,\"name\":\"\u9996\u9875\",\"item\":\"https:\\\/\\\/dinglidiespring.com\\\/\"},{\"@type\":\"ListItem\",\"position\":2,\"name\":\"Products\",\"item\":\"https:\\\/\\\/dinglidiespring.com\\\/shop__trashed-2\\\/\"},{\"@type\":\"ListItem\",\"position\":3,\"name\":\"SAE 38% Die Red Spring 65Mn Carbon Steel DingLi Spring\"}]},{\"@type\":\"WebSite\",\"@id\":\"https:\\\/\\\/dinglidiespring.com\\\/#website\",\"url\":\"https:\\\/\\\/dinglidiespring.com\\\/\",\"name\":\"dinglispring\",\"description\":\"Dingli has been supplying high quality springs and wires for 30 years. We offer fast delivery as well as professional design support. Please contact us to learn more about our capabilities and services.\",\"publisher\":{\"@id\":\"https:\\\/\\\/dinglidiespring.com\\\/#organization\"},\"potentialAction\":[{\"@type\":\"SearchAction\",\"target\":{\"@type\":\"EntryPoint\",\"urlTemplate\":\"https:\\\/\\\/dinglidiespring.com\\\/?s={search_term_string}\"},\"query-input\":{\"@type\":\"PropertyValueSpecification\",\"valueRequired\":true,\"valueName\":\"search_term_string\"}}],\"inLanguage\":\"de\"},{\"@type\":\"Organization\",\"@id\":\"https:\\\/\\\/dinglidiespring.com\\\/#organization\",\"name\":\"dinglispring\",\"url\":\"https:\\\/\\\/dinglidiespring.com\\\/\",\"logo\":{\"@type\":\"ImageObject\",\"inLanguage\":\"de\",\"@id\":\"https:\\\/\\\/dinglidiespring.com\\\/#\\\/schema\\\/logo\\\/image\\\/\",\"url\":\"https:\\\/\\\/dinglidiespring.com\\\/wp-content\\\/uploads\\\/2025\\\/05\\\/dinglidiespringlogo.png\",\"contentUrl\":\"https:\\\/\\\/dinglidiespring.com\\\/wp-content\\\/uploads\\\/2025\\\/05\\\/dinglidiespringlogo.png\",\"width\":400,\"height\":100,\"caption\":\"dinglispring\"},\"image\":{\"@id\":\"https:\\\/\\\/dinglidiespring.com\\\/#\\\/schema\\\/logo\\\/image\\\/\"},\"sameAs\":[\"https:\\\/\\\/www.facebook.com\\\/profile.php?id=61557424736593\",\"https:\\\/\\\/www.youtube.com\\\/@dinglidiespring\"]}]}<\/script>\n<!-- \/ Yoast SEO plugin. -->","yoast_head_json":{"title":"SAE 38% Die Red Spring 65Mn Kohlenstoffstahl DingLi Spring - dinglispring","description":"Unsere SAE 38% Die Red Spring wird fachm\u00e4nnisch aus hochwertigem 65Mn-Kohlenstoffstahl gefertigt und erf\u00fcllt die amerikanischen SAE-Standards f\u00fcr zuverl\u00e4ssige Leistung in Hochleistungsanwendungen. Diese Feder bietet konstante Festigkeit und Ma\u00dfgenauigkeit und eignet sich daher f\u00fcr verschiedene industrielle Anwendungen. DingLi Spring bietet individuelle Anpassungen an, um Gr\u00f6\u00dfe und mechanische Eigenschaften der Feder an Ihre spezifischen Anforderungen anzupassen.","robots":{"index":"index","follow":"follow","max-snippet":"max-snippet:-1","max-image-preview":"max-image-preview:large","max-video-preview":"max-video-preview:-1"},"canonical":"https:\/\/dinglidiespring.com\/de\/product\/sae-38-die-red-spring-65mn-carbon-steel-dingli-spring\/","og_locale":"de_DE","og_type":"article","og_title":"SAE 38% Die Red Spring 65Mn Carbon Steel DingLi Spring - dinglispring","og_description":"Our SAE 38% Die Red Spring is expertly manufactured from high-quality 65Mn carbon steel, designed to meet American SAE standards for reliable performance in heavy-duty applications. This spring offers consistent strength and dimensional accuracy, making it suitable for various industrial uses. DingLi Spring provides customization services to tailor the spring\u2019s size and mechanical properties to your specific requirements.","og_url":"https:\/\/dinglidiespring.com\/de\/product\/sae-38-die-red-spring-65mn-carbon-steel-dingli-spring\/","og_site_name":"dinglispring","article_publisher":"https:\/\/www.facebook.com\/profile.php?id=61557424736593","article_modified_time":"2025-07-25T08:54:47+00:00","og_image":[{"width":800,"height":800,"url":"https:\/\/dinglidiespring.com\/wp-content\/uploads\/2025\/07\/SAE-38-Die-Red-Spring-65Mn-Carbon-Steel-DingLi-Spring-3-1753420452.jpg","type":"image\/jpeg"}],"twitter_card":"summary_large_image","twitter_misc":{"Gesch\u00e4tzte Lesezeit":"1\u00a0Minute"},"schema":{"@context":"https:\/\/schema.org","@graph":[{"@type":"WebPage","@id":"https:\/\/dinglidiespring.com\/product\/sae-38-die-red-spring-65mn-carbon-steel-dingli-spring\/","url":"https:\/\/dinglidiespring.com\/product\/sae-38-die-red-spring-65mn-carbon-steel-dingli-spring\/","name":"SAE 38% Die Red Spring 65Mn Kohlenstoffstahl DingLi Spring - dinglispring","isPartOf":{"@id":"https:\/\/dinglidiespring.com\/#website"},"primaryImageOfPage":{"@id":"https:\/\/dinglidiespring.com\/product\/sae-38-die-red-spring-65mn-carbon-steel-dingli-spring\/#primaryimage"},"image":{"@id":"https:\/\/dinglidiespring.com\/product\/sae-38-die-red-spring-65mn-carbon-steel-dingli-spring\/#primaryimage"},"thumbnailUrl":"https:\/\/dinglidiespring.com\/wp-content\/uploads\/2025\/07\/SAE-38-Die-Red-Spring-65Mn-Carbon-Steel-DingLi-Spring-3-1753420452.jpg","datePublished":"2025-07-25T05:15:50+00:00","dateModified":"2025-07-25T08:54:47+00:00","description":"Unsere SAE 38% Die Red Spring wird fachm\u00e4nnisch aus hochwertigem 65Mn-Kohlenstoffstahl gefertigt und erf\u00fcllt die amerikanischen SAE-Standards f\u00fcr zuverl\u00e4ssige Leistung in Hochleistungsanwendungen. Diese Feder bietet konstante Festigkeit und Ma\u00dfgenauigkeit und eignet sich daher f\u00fcr verschiedene industrielle Anwendungen. DingLi Spring bietet individuelle Anpassungen an, um Gr\u00f6\u00dfe und mechanische Eigenschaften der Feder an Ihre spezifischen Anforderungen anzupassen.","breadcrumb":{"@id":"https:\/\/dinglidiespring.com\/product\/sae-38-die-red-spring-65mn-carbon-steel-dingli-spring\/#breadcrumb"},"inLanguage":"de","potentialAction":[{"@type":"ReadAction","target":["https:\/\/dinglidiespring.com\/product\/sae-38-die-red-spring-65mn-carbon-steel-dingli-spring\/"]}]},{"@type":"ImageObject","inLanguage":"de","@id":"https:\/\/dinglidiespring.com\/product\/sae-38-die-red-spring-65mn-carbon-steel-dingli-spring\/#primaryimage","url":"https:\/\/dinglidiespring.com\/wp-content\/uploads\/2025\/07\/SAE-38-Die-Red-Spring-65Mn-Carbon-Steel-DingLi-Spring-3-1753420452.jpg","contentUrl":"https:\/\/dinglidiespring.com\/wp-content\/uploads\/2025\/07\/SAE-38-Die-Red-Spring-65Mn-Carbon-Steel-DingLi-Spring-3-1753420452.jpg","width":800,"height":800},{"@type":"BreadcrumbList","@id":"https:\/\/dinglidiespring.com\/product\/sae-38-die-red-spring-65mn-carbon-steel-dingli-spring\/#breadcrumb","itemListElement":[{"@type":"ListItem","position":1,"name":"\u9996\u9875","item":"https:\/\/dinglidiespring.com\/"},{"@type":"ListItem","position":2,"name":"Products","item":"https:\/\/dinglidiespring.com\/shop__trashed-2\/"},{"@type":"ListItem","position":3,"name":"SAE 38% Die Red Spring 65Mn Carbon Steel DingLi Spring"}]},{"@type":"WebSite","@id":"https:\/\/dinglidiespring.com\/#website","url":"https:\/\/dinglidiespring.com\/","name":"dinglispring","description":"Dingli liefert seit 30 Jahren hochwertige Federn und Dr\u00e4hte. Wir bieten schnelle Lieferung und professionelle Designunterst\u00fctzung. Kontaktieren Sie uns, um mehr \u00fcber unsere F\u00e4higkeiten und Dienstleistungen zu erfahren.","publisher":{"@id":"https:\/\/dinglidiespring.com\/#organization"},"potentialAction":[{"@type":"SearchAction","target":{"@type":"EntryPoint","urlTemplate":"https:\/\/dinglidiespring.com\/?s={search_term_string}"},"query-input":{"@type":"PropertyValueSpecification","valueRequired":true,"valueName":"search_term_string"}}],"inLanguage":"de"},{"@type":"Organization","@id":"https:\/\/dinglidiespring.com\/#organization","name":"dinglispring","url":"https:\/\/dinglidiespring.com\/","logo":{"@type":"ImageObject","inLanguage":"de","@id":"https:\/\/dinglidiespring.com\/#\/schema\/logo\/image\/","url":"https:\/\/dinglidiespring.com\/wp-content\/uploads\/2025\/05\/dinglidiespringlogo.png","contentUrl":"https:\/\/dinglidiespring.com\/wp-content\/uploads\/2025\/05\/dinglidiespringlogo.png","width":400,"height":100,"caption":"dinglispring"},"image":{"@id":"https:\/\/dinglidiespring.com\/#\/schema\/logo\/image\/"},"sameAs":["https:\/\/www.facebook.com\/profile.php?id=61557424736593","https:\/\/www.youtube.com\/@dinglidiespring"]}]}},"_links":{"self":[{"href":"https:\/\/dinglidiespring.com\/de\/wp-json\/wp\/v2\/product\/7359","targetHints":{"allow":["GET"]}}],"collection":[{"href":"https:\/\/dinglidiespring.com\/de\/wp-json\/wp\/v2\/product"}],"about":[{"href":"https:\/\/dinglidiespring.com\/de\/wp-json\/wp\/v2\/types\/product"}],"replies":[{"embeddable":true,"href":"https:\/\/dinglidiespring.com\/de\/wp-json\/wp\/v2\/comments?post=7359"}],"wp:featuredmedia":[{"embeddable":true,"href":"https:\/\/dinglidiespring.com\/de\/wp-json\/wp\/v2\/media\/7362"}],"wp:attachment":[{"href":"https:\/\/dinglidiespring.com\/de\/wp-json\/wp\/v2\/media?parent=7359"}],"wp:term":[{"taxonomy":"product_brand","embeddable":true,"href":"https:\/\/dinglidiespring.com\/de\/wp-json\/wp\/v2\/product_brand?post=7359"},{"taxonomy":"product_cat","embeddable":true,"href":"https:\/\/dinglidiespring.com\/de\/wp-json\/wp\/v2\/product_cat?post=7359"},{"taxonomy":"product_tag","embeddable":true,"href":"https:\/\/dinglidiespring.com\/de\/wp-json\/wp\/v2\/product_tag?post=7359"}],"curies":[{"name":"wp","href":"https:\/\/api.w.org\/{rel}","templated":true}]}}