{"id":7391,"date":"2025-07-25T16:44:51","date_gmt":"2025-07-25T08:44:51","guid":{"rendered":"https:\/\/dinglidiespring.com\/?post_type=product&#038;p=7391"},"modified":"2025-07-25T16:44:51","modified_gmt":"2025-07-25T08:44:51","slug":"green-square-wire-compression-spring-dingli-spring","status":"publish","type":"product","link":"https:\/\/dinglidiespring.com\/de\/product\/green-square-wire-compression-spring-dingli-spring\/","title":{"rendered":"Gr\u00fcne Vierkantdraht-Druckfeder DingLi-Feder"},"content":{"rendered":"","protected":false},"excerpt":{"rendered":"<p>Die gr\u00fcne Vierkantdraht-Druckfeder von DingLi Spring wird aus hochwertigem Vierkantdraht gefertigt und bietet verbesserte Stabilit\u00e4t und Tragf\u00e4higkeit. Ideal f\u00fcr Anwendungen, die kompaktes Design und zuverl\u00e4ssige Leistung erfordern, vereint diese Feder Festigkeit mit pr\u00e4ziser Ma\u00dfkontrolle. DingLi bietet individuelle Anpassungsm\u00f6glichkeiten, um Gr\u00f6\u00dfe und mechanische Eigenschaften der Feder an Ihre spezifischen Anforderungen anzupassen.<\/p>\n<ul>\n<li>Hergestellt aus hochwertigem Vierkantdraht f\u00fcr verbesserte Stabilit\u00e4t und Tragf\u00e4higkeit.<\/li>\n<li>Entwickelt f\u00fcr pr\u00e4zise Abmessungen und gleichbleibende Leistung.<\/li>\n<li>Anpassbare Designs f\u00fcr verschiedene industrielle und mechanische Anwendungen.<\/li>\n<\/ul>","protected":false},"featured_media":7395,"comment_status":"open","ping_status":"closed","template":"","meta":{"site-sidebar-layout":"default","site-content-layout":"","ast-site-content-layout":"default","site-content-style":"default","site-sidebar-style":"default","ast-global-header-display":"","ast-banner-title-visibility":"","ast-main-header-display":"","ast-hfb-above-header-display":"","ast-hfb-below-header-display":"","ast-hfb-mobile-header-display":"","site-post-title":"","ast-breadcrumbs-content":"","ast-featured-img":"","footer-sml-layout":"","ast-disable-related-posts":"","theme-transparent-header-meta":"default","adv-header-id-meta":"","stick-header-meta":"","header-above-stick-meta":"","header-main-stick-meta":"","header-below-stick-meta":"","astra-migrate-meta-layouts":"set","ast-page-background-enabled":"default","ast-page-background-meta":{"desktop":{"background-color":"","background-image":"","background-repeat":"repeat","background-position":"center center","background-size":"auto","background-attachment":"scroll","background-type":"","background-media":"","overlay-type":"","overlay-color":"","overlay-opacity":"","overlay-gradient":""},"tablet":{"background-color":"","background-image":"","background-repeat":"repeat","background-position":"center center","background-size":"auto","background-attachment":"scroll","background-type":"","background-media":"","overlay-type":"","overlay-color":"","overlay-opacity":"","overlay-gradient":""},"mobile":{"background-color":"","background-image":"","background-repeat":"repeat","background-position":"center center","background-size":"auto","background-attachment":"scroll","background-type":"","background-media":"","overlay-type":"","overlay-color":"","overlay-opacity":"","overlay-gradient":""}},"ast-content-background-meta":{"desktop":{"background-color":"var(--ast-global-color-5)","background-image":"","background-repeat":"repeat","background-position":"center center","background-size":"auto","background-attachment":"scroll","background-type":"","background-media":"","overlay-type":"","overlay-color":"","overlay-opacity":"","overlay-gradient":""},"tablet":{"background-color":"var(--ast-global-color-5)","background-image":"","background-repeat":"repeat","background-position":"center center","background-size":"auto","background-attachment":"scroll","background-type":"","background-media":"","overlay-type":"","overlay-color":"","overlay-opacity":"","overlay-gradient":""},"mobile":{"background-color":"var(--ast-global-color-5)","background-image":"","background-repeat":"repeat","background-position":"center center","background-size":"auto","background-attachment":"scroll","background-type":"","background-media":"","overlay-type":"","overlay-color":"","overlay-opacity":"","overlay-gradient":""}}},"product_brand":[],"product_cat":[39],"product_tag":[69,68,67],"class_list":{"0":"post-7391","1":"product","2":"type-product","3":"status-publish","4":"has-post-thumbnail","6":"product_cat-compression-springs-round-square-music-wire-dingli-spring","7":"product_tag-compression-spring","8":"product_tag-dingli-compression-spring","9":"product_tag-green-square-wire-compression-spring","10":"desktop-align-left","11":"tablet-align-left","12":"mobile-align-left","14":"first","15":"instock","16":"shipping-taxable","17":"product-type-simple"},"yoast_head":"<!-- This site is optimized with the Yoast SEO plugin v27.4 - https:\/\/yoast.com\/product\/yoast-seo-wordpress\/ -->\n<title>Green Square Wire Compression Spring DingLi Spring - dinglispring<\/title>\n<meta name=\"description\" content=\"The Green Square Wire Compression Spring by DingLi Spring is crafted using high-quality square wire, offering enhanced stability and load support. Ideal for applications requiring compact design and reliable performance, this spring combines strength with precise dimensional control. DingLi provides customization options to tailor the spring\u2019s size and mechanical characteristics to meet your specific requirements.\" \/>\n<meta name=\"robots\" content=\"index, follow, max-snippet:-1, max-image-preview:large, max-video-preview:-1\" \/>\n<link rel=\"canonical\" href=\"https:\/\/dinglidiespring.com\/de\/product\/green-square-wire-compression-spring-dingli-spring\/\" \/>\n<meta property=\"og:locale\" content=\"de_DE\" \/>\n<meta property=\"og:type\" content=\"article\" \/>\n<meta property=\"og:title\" content=\"Green Square Wire Compression Spring DingLi Spring - dinglispring\" \/>\n<meta property=\"og:description\" content=\"The Green Square Wire Compression Spring by DingLi Spring is crafted using high-quality square wire, offering enhanced stability and load support. Ideal for applications requiring compact design and reliable performance, this spring combines strength with precise dimensional control. DingLi provides customization options to tailor the spring\u2019s size and mechanical characteristics to meet your specific requirements.\" \/>\n<meta property=\"og:url\" content=\"https:\/\/dinglidiespring.com\/de\/product\/green-square-wire-compression-spring-dingli-spring\/\" \/>\n<meta property=\"og:site_name\" content=\"dinglispring\" \/>\n<meta property=\"article:publisher\" content=\"https:\/\/www.facebook.com\/profile.php?id=61557424736593\" \/>\n<meta property=\"og:image\" content=\"https:\/\/dinglidiespring.com\/wp-content\/uploads\/2025\/07\/Green-Square-Wire-Compression-Spring-DingLi-Spring-4-1753433069.jpg\" \/>\n\t<meta property=\"og:image:width\" content=\"800\" \/>\n\t<meta property=\"og:image:height\" content=\"800\" \/>\n\t<meta property=\"og:image:type\" content=\"image\/jpeg\" \/>\n<meta name=\"twitter:card\" content=\"summary_large_image\" \/>\n<meta name=\"twitter:label1\" content=\"Gesch\u00e4tzte Lesezeit\" \/>\n\t<meta name=\"twitter:data1\" content=\"1\u00a0Minute\" \/>\n<script type=\"application\/ld+json\" class=\"yoast-schema-graph\">{\"@context\":\"https:\\\/\\\/schema.org\",\"@graph\":[{\"@type\":\"WebPage\",\"@id\":\"https:\\\/\\\/dinglidiespring.com\\\/product\\\/green-square-wire-compression-spring-dingli-spring\\\/\",\"url\":\"https:\\\/\\\/dinglidiespring.com\\\/product\\\/green-square-wire-compression-spring-dingli-spring\\\/\",\"name\":\"Green Square Wire Compression Spring DingLi Spring - dinglispring\",\"isPartOf\":{\"@id\":\"https:\\\/\\\/dinglidiespring.com\\\/#website\"},\"primaryImageOfPage\":{\"@id\":\"https:\\\/\\\/dinglidiespring.com\\\/product\\\/green-square-wire-compression-spring-dingli-spring\\\/#primaryimage\"},\"image\":{\"@id\":\"https:\\\/\\\/dinglidiespring.com\\\/product\\\/green-square-wire-compression-spring-dingli-spring\\\/#primaryimage\"},\"thumbnailUrl\":\"https:\\\/\\\/dinglidiespring.com\\\/wp-content\\\/uploads\\\/2025\\\/07\\\/Green-Square-Wire-Compression-Spring-DingLi-Spring-4-1753433069.jpg\",\"datePublished\":\"2025-07-25T08:44:51+00:00\",\"description\":\"The Green Square Wire Compression Spring by DingLi Spring is crafted using high-quality square wire, offering enhanced stability and load support. Ideal for applications requiring compact design and reliable performance, this spring combines strength with precise dimensional control. DingLi provides customization options to tailor the spring\u2019s size and mechanical characteristics to meet your specific requirements.\",\"breadcrumb\":{\"@id\":\"https:\\\/\\\/dinglidiespring.com\\\/product\\\/green-square-wire-compression-spring-dingli-spring\\\/#breadcrumb\"},\"inLanguage\":\"de\",\"potentialAction\":[{\"@type\":\"ReadAction\",\"target\":[\"https:\\\/\\\/dinglidiespring.com\\\/product\\\/green-square-wire-compression-spring-dingli-spring\\\/\"]}]},{\"@type\":\"ImageObject\",\"inLanguage\":\"de\",\"@id\":\"https:\\\/\\\/dinglidiespring.com\\\/product\\\/green-square-wire-compression-spring-dingli-spring\\\/#primaryimage\",\"url\":\"https:\\\/\\\/dinglidiespring.com\\\/wp-content\\\/uploads\\\/2025\\\/07\\\/Green-Square-Wire-Compression-Spring-DingLi-Spring-4-1753433069.jpg\",\"contentUrl\":\"https:\\\/\\\/dinglidiespring.com\\\/wp-content\\\/uploads\\\/2025\\\/07\\\/Green-Square-Wire-Compression-Spring-DingLi-Spring-4-1753433069.jpg\",\"width\":800,\"height\":800},{\"@type\":\"BreadcrumbList\",\"@id\":\"https:\\\/\\\/dinglidiespring.com\\\/product\\\/green-square-wire-compression-spring-dingli-spring\\\/#breadcrumb\",\"itemListElement\":[{\"@type\":\"ListItem\",\"position\":1,\"name\":\"\u9996\u9875\",\"item\":\"https:\\\/\\\/dinglidiespring.com\\\/\"},{\"@type\":\"ListItem\",\"position\":2,\"name\":\"Products\",\"item\":\"https:\\\/\\\/dinglidiespring.com\\\/shop__trashed-2\\\/\"},{\"@type\":\"ListItem\",\"position\":3,\"name\":\"Green Square Wire Compression Spring DingLi Spring\"}]},{\"@type\":\"WebSite\",\"@id\":\"https:\\\/\\\/dinglidiespring.com\\\/#website\",\"url\":\"https:\\\/\\\/dinglidiespring.com\\\/\",\"name\":\"dinglispring\",\"description\":\"Dingli has been supplying high quality springs and wires for 30 years. We offer fast delivery as well as professional design support. Please contact us to learn more about our capabilities and services.\",\"publisher\":{\"@id\":\"https:\\\/\\\/dinglidiespring.com\\\/#organization\"},\"potentialAction\":[{\"@type\":\"SearchAction\",\"target\":{\"@type\":\"EntryPoint\",\"urlTemplate\":\"https:\\\/\\\/dinglidiespring.com\\\/?s={search_term_string}\"},\"query-input\":{\"@type\":\"PropertyValueSpecification\",\"valueRequired\":true,\"valueName\":\"search_term_string\"}}],\"inLanguage\":\"de\"},{\"@type\":\"Organization\",\"@id\":\"https:\\\/\\\/dinglidiespring.com\\\/#organization\",\"name\":\"dinglispring\",\"url\":\"https:\\\/\\\/dinglidiespring.com\\\/\",\"logo\":{\"@type\":\"ImageObject\",\"inLanguage\":\"de\",\"@id\":\"https:\\\/\\\/dinglidiespring.com\\\/#\\\/schema\\\/logo\\\/image\\\/\",\"url\":\"https:\\\/\\\/dinglidiespring.com\\\/wp-content\\\/uploads\\\/2025\\\/05\\\/dinglidiespringlogo.png\",\"contentUrl\":\"https:\\\/\\\/dinglidiespring.com\\\/wp-content\\\/uploads\\\/2025\\\/05\\\/dinglidiespringlogo.png\",\"width\":400,\"height\":100,\"caption\":\"dinglispring\"},\"image\":{\"@id\":\"https:\\\/\\\/dinglidiespring.com\\\/#\\\/schema\\\/logo\\\/image\\\/\"},\"sameAs\":[\"https:\\\/\\\/www.facebook.com\\\/profile.php?id=61557424736593\",\"https:\\\/\\\/www.youtube.com\\\/@dinglidiespring\"]}]}<\/script>\n<!-- \/ Yoast SEO plugin. -->","yoast_head_json":{"title":"Gr\u00fcne Vierkantdraht-Druckfeder DingLi Spring - dinglispring","description":"Die gr\u00fcne Vierkantdraht-Druckfeder von DingLi Spring wird aus hochwertigem Vierkantdraht gefertigt und bietet verbesserte Stabilit\u00e4t und Tragf\u00e4higkeit. Ideal f\u00fcr Anwendungen, die kompaktes Design und zuverl\u00e4ssige Leistung erfordern, vereint diese Feder Festigkeit mit pr\u00e4ziser Ma\u00dfkontrolle. DingLi bietet individuelle Anpassungsm\u00f6glichkeiten, um Gr\u00f6\u00dfe und mechanische Eigenschaften der Feder an Ihre spezifischen Anforderungen anzupassen.","robots":{"index":"index","follow":"follow","max-snippet":"max-snippet:-1","max-image-preview":"max-image-preview:large","max-video-preview":"max-video-preview:-1"},"canonical":"https:\/\/dinglidiespring.com\/de\/product\/green-square-wire-compression-spring-dingli-spring\/","og_locale":"de_DE","og_type":"article","og_title":"Green Square Wire Compression Spring DingLi Spring - dinglispring","og_description":"The Green Square Wire Compression Spring by DingLi Spring is crafted using high-quality square wire, offering enhanced stability and load support. Ideal for applications requiring compact design and reliable performance, this spring combines strength with precise dimensional control. DingLi provides customization options to tailor the spring\u2019s size and mechanical characteristics to meet your specific requirements.","og_url":"https:\/\/dinglidiespring.com\/de\/product\/green-square-wire-compression-spring-dingli-spring\/","og_site_name":"dinglispring","article_publisher":"https:\/\/www.facebook.com\/profile.php?id=61557424736593","og_image":[{"width":800,"height":800,"url":"https:\/\/dinglidiespring.com\/wp-content\/uploads\/2025\/07\/Green-Square-Wire-Compression-Spring-DingLi-Spring-4-1753433069.jpg","type":"image\/jpeg"}],"twitter_card":"summary_large_image","twitter_misc":{"Gesch\u00e4tzte Lesezeit":"1\u00a0Minute"},"schema":{"@context":"https:\/\/schema.org","@graph":[{"@type":"WebPage","@id":"https:\/\/dinglidiespring.com\/product\/green-square-wire-compression-spring-dingli-spring\/","url":"https:\/\/dinglidiespring.com\/product\/green-square-wire-compression-spring-dingli-spring\/","name":"Gr\u00fcne Vierkantdraht-Druckfeder DingLi Spring - dinglispring","isPartOf":{"@id":"https:\/\/dinglidiespring.com\/#website"},"primaryImageOfPage":{"@id":"https:\/\/dinglidiespring.com\/product\/green-square-wire-compression-spring-dingli-spring\/#primaryimage"},"image":{"@id":"https:\/\/dinglidiespring.com\/product\/green-square-wire-compression-spring-dingli-spring\/#primaryimage"},"thumbnailUrl":"https:\/\/dinglidiespring.com\/wp-content\/uploads\/2025\/07\/Green-Square-Wire-Compression-Spring-DingLi-Spring-4-1753433069.jpg","datePublished":"2025-07-25T08:44:51+00:00","description":"Die gr\u00fcne Vierkantdraht-Druckfeder von DingLi Spring wird aus hochwertigem Vierkantdraht gefertigt und bietet verbesserte Stabilit\u00e4t und Tragf\u00e4higkeit. Ideal f\u00fcr Anwendungen, die kompaktes Design und zuverl\u00e4ssige Leistung erfordern, vereint diese Feder Festigkeit mit pr\u00e4ziser Ma\u00dfkontrolle. DingLi bietet individuelle Anpassungsm\u00f6glichkeiten, um Gr\u00f6\u00dfe und mechanische Eigenschaften der Feder an Ihre spezifischen Anforderungen anzupassen.","breadcrumb":{"@id":"https:\/\/dinglidiespring.com\/product\/green-square-wire-compression-spring-dingli-spring\/#breadcrumb"},"inLanguage":"de","potentialAction":[{"@type":"ReadAction","target":["https:\/\/dinglidiespring.com\/product\/green-square-wire-compression-spring-dingli-spring\/"]}]},{"@type":"ImageObject","inLanguage":"de","@id":"https:\/\/dinglidiespring.com\/product\/green-square-wire-compression-spring-dingli-spring\/#primaryimage","url":"https:\/\/dinglidiespring.com\/wp-content\/uploads\/2025\/07\/Green-Square-Wire-Compression-Spring-DingLi-Spring-4-1753433069.jpg","contentUrl":"https:\/\/dinglidiespring.com\/wp-content\/uploads\/2025\/07\/Green-Square-Wire-Compression-Spring-DingLi-Spring-4-1753433069.jpg","width":800,"height":800},{"@type":"BreadcrumbList","@id":"https:\/\/dinglidiespring.com\/product\/green-square-wire-compression-spring-dingli-spring\/#breadcrumb","itemListElement":[{"@type":"ListItem","position":1,"name":"\u9996\u9875","item":"https:\/\/dinglidiespring.com\/"},{"@type":"ListItem","position":2,"name":"Products","item":"https:\/\/dinglidiespring.com\/shop__trashed-2\/"},{"@type":"ListItem","position":3,"name":"Green Square Wire Compression Spring DingLi Spring"}]},{"@type":"WebSite","@id":"https:\/\/dinglidiespring.com\/#website","url":"https:\/\/dinglidiespring.com\/","name":"dinglispring","description":"Dingli liefert seit 30 Jahren hochwertige Federn und Dr\u00e4hte. Wir bieten schnelle Lieferung und professionelle Designunterst\u00fctzung. Kontaktieren Sie uns, um mehr \u00fcber unsere F\u00e4higkeiten und Dienstleistungen zu erfahren.","publisher":{"@id":"https:\/\/dinglidiespring.com\/#organization"},"potentialAction":[{"@type":"SearchAction","target":{"@type":"EntryPoint","urlTemplate":"https:\/\/dinglidiespring.com\/?s={search_term_string}"},"query-input":{"@type":"PropertyValueSpecification","valueRequired":true,"valueName":"search_term_string"}}],"inLanguage":"de"},{"@type":"Organization","@id":"https:\/\/dinglidiespring.com\/#organization","name":"dinglispring","url":"https:\/\/dinglidiespring.com\/","logo":{"@type":"ImageObject","inLanguage":"de","@id":"https:\/\/dinglidiespring.com\/#\/schema\/logo\/image\/","url":"https:\/\/dinglidiespring.com\/wp-content\/uploads\/2025\/05\/dinglidiespringlogo.png","contentUrl":"https:\/\/dinglidiespring.com\/wp-content\/uploads\/2025\/05\/dinglidiespringlogo.png","width":400,"height":100,"caption":"dinglispring"},"image":{"@id":"https:\/\/dinglidiespring.com\/#\/schema\/logo\/image\/"},"sameAs":["https:\/\/www.facebook.com\/profile.php?id=61557424736593","https:\/\/www.youtube.com\/@dinglidiespring"]}]}},"_links":{"self":[{"href":"https:\/\/dinglidiespring.com\/de\/wp-json\/wp\/v2\/product\/7391","targetHints":{"allow":["GET"]}}],"collection":[{"href":"https:\/\/dinglidiespring.com\/de\/wp-json\/wp\/v2\/product"}],"about":[{"href":"https:\/\/dinglidiespring.com\/de\/wp-json\/wp\/v2\/types\/product"}],"replies":[{"embeddable":true,"href":"https:\/\/dinglidiespring.com\/de\/wp-json\/wp\/v2\/comments?post=7391"}],"wp:featuredmedia":[{"embeddable":true,"href":"https:\/\/dinglidiespring.com\/de\/wp-json\/wp\/v2\/media\/7395"}],"wp:attachment":[{"href":"https:\/\/dinglidiespring.com\/de\/wp-json\/wp\/v2\/media?parent=7391"}],"wp:term":[{"taxonomy":"product_brand","embeddable":true,"href":"https:\/\/dinglidiespring.com\/de\/wp-json\/wp\/v2\/product_brand?post=7391"},{"taxonomy":"product_cat","embeddable":true,"href":"https:\/\/dinglidiespring.com\/de\/wp-json\/wp\/v2\/product_cat?post=7391"},{"taxonomy":"product_tag","embeddable":true,"href":"https:\/\/dinglidiespring.com\/de\/wp-json\/wp\/v2\/product_tag?post=7391"}],"curies":[{"name":"wp","href":"https:\/\/api.w.org\/{rel}","templated":true}]}}