{"id":7122,"date":"2025-07-23T13:22:20","date_gmt":"2025-07-23T05:22:20","guid":{"rendered":"https:\/\/dinglidiespring.com\/?post_type=product&#038;p=7122"},"modified":"2025-07-25T16:56:25","modified_gmt":"2025-07-25T08:56:25","slug":"extra-light-duty-jis-compression-spring-65mn-carbon-steel-dingli-spring","status":"publish","type":"product","link":"https:\/\/dinglidiespring.com\/pt\/product\/extra-light-duty-jis-compression-spring-65mn-carbon-steel-dingli-spring\/","title":{"rendered":"Mola de compress\u00e3o JIS extra leve 65Mn a\u00e7o carbono DingLi"},"content":{"rendered":"<p><img fetchpriority=\"high\" decoding=\"async\" class=\"alignnone size-full wp-image-7123\" src=\"https:\/\/dinglidiespring.com\/wp-content\/uploads\/2025\/07\/dingli-65mn-extra-light-duty-jis-spring-specs-chart-1-1753248004.jpg\" alt=\"\" width=\"750\" height=\"634\" srcset=\"https:\/\/dinglidiespring.com\/wp-content\/uploads\/2025\/07\/dingli-65mn-extra-light-duty-jis-spring-specs-chart-1-1753248004.jpg 750w, https:\/\/dinglidiespring.com\/wp-content\/uploads\/2025\/07\/dingli-65mn-extra-light-duty-jis-spring-specs-chart-1-1753248004-300x254.jpg 300w, https:\/\/dinglidiespring.com\/wp-content\/uploads\/2025\/07\/dingli-65mn-extra-light-duty-jis-spring-specs-chart-1-1753248004-600x507.jpg 600w\" sizes=\"(max-width: 750px) 100vw, 750px\" \/> <img decoding=\"async\" class=\"alignnone size-full wp-image-7124\" src=\"https:\/\/dinglidiespring.com\/wp-content\/uploads\/2025\/07\/dingli-65mn-extra-light-duty-jis-spring-specs-chart-2-1753248005.jpg\" alt=\"\" width=\"750\" height=\"634\" srcset=\"https:\/\/dinglidiespring.com\/wp-content\/uploads\/2025\/07\/dingli-65mn-extra-light-duty-jis-spring-specs-chart-2-1753248005.jpg 750w, https:\/\/dinglidiespring.com\/wp-content\/uploads\/2025\/07\/dingli-65mn-extra-light-duty-jis-spring-specs-chart-2-1753248005-300x254.jpg 300w, https:\/\/dinglidiespring.com\/wp-content\/uploads\/2025\/07\/dingli-65mn-extra-light-duty-jis-spring-specs-chart-2-1753248005-600x507.jpg 600w\" sizes=\"(max-width: 750px) 100vw, 750px\" \/> <img decoding=\"async\" class=\"alignnone size-full wp-image-7125\" src=\"https:\/\/dinglidiespring.com\/wp-content\/uploads\/2025\/07\/dingli-65mn-extra-light-duty-jis-spring-specs-chart-3-1753248007.jpg\" alt=\"\" width=\"750\" height=\"634\" srcset=\"https:\/\/dinglidiespring.com\/wp-content\/uploads\/2025\/07\/dingli-65mn-extra-light-duty-jis-spring-specs-chart-3-1753248007.jpg 750w, https:\/\/dinglidiespring.com\/wp-content\/uploads\/2025\/07\/dingli-65mn-extra-light-duty-jis-spring-specs-chart-3-1753248007-300x254.jpg 300w, https:\/\/dinglidiespring.com\/wp-content\/uploads\/2025\/07\/dingli-65mn-extra-light-duty-jis-spring-specs-chart-3-1753248007-600x507.jpg 600w\" sizes=\"(max-width: 750px) 100vw, 750px\" \/> <img loading=\"lazy\" decoding=\"async\" class=\"alignnone size-full wp-image-7126\" src=\"https:\/\/dinglidiespring.com\/wp-content\/uploads\/2025\/07\/dingli-65mn-extra-light-duty-jis-spring-specs-chart-4-1753248009.jpg\" alt=\"\" width=\"750\" height=\"634\" srcset=\"https:\/\/dinglidiespring.com\/wp-content\/uploads\/2025\/07\/dingli-65mn-extra-light-duty-jis-spring-specs-chart-4-1753248009.jpg 750w, https:\/\/dinglidiespring.com\/wp-content\/uploads\/2025\/07\/dingli-65mn-extra-light-duty-jis-spring-specs-chart-4-1753248009-300x254.jpg 300w, https:\/\/dinglidiespring.com\/wp-content\/uploads\/2025\/07\/dingli-65mn-extra-light-duty-jis-spring-specs-chart-4-1753248009-600x507.jpg 600w\" sizes=\"(max-width: 750px) 100vw, 750px\" \/> <img loading=\"lazy\" decoding=\"async\" class=\"alignnone size-full wp-image-7127\" src=\"https:\/\/dinglidiespring.com\/wp-content\/uploads\/2025\/07\/dingli-65mn-extra-light-duty-jis-spring-specs-chart-5-1753248010.jpg\" alt=\"\" width=\"750\" height=\"634\" srcset=\"https:\/\/dinglidiespring.com\/wp-content\/uploads\/2025\/07\/dingli-65mn-extra-light-duty-jis-spring-specs-chart-5-1753248010.jpg 750w, https:\/\/dinglidiespring.com\/wp-content\/uploads\/2025\/07\/dingli-65mn-extra-light-duty-jis-spring-specs-chart-5-1753248010-300x254.jpg 300w, https:\/\/dinglidiespring.com\/wp-content\/uploads\/2025\/07\/dingli-65mn-extra-light-duty-jis-spring-specs-chart-5-1753248010-600x507.jpg 600w\" sizes=\"(max-width: 750px) 100vw, 750px\" \/> <img loading=\"lazy\" decoding=\"async\" class=\"alignnone size-full wp-image-7128\" src=\"https:\/\/dinglidiespring.com\/wp-content\/uploads\/2025\/07\/dingli-65mn-extra-light-duty-jis-spring-specs-chart-6-1753248011.jpg\" alt=\"\" width=\"750\" height=\"634\" srcset=\"https:\/\/dinglidiespring.com\/wp-content\/uploads\/2025\/07\/dingli-65mn-extra-light-duty-jis-spring-specs-chart-6-1753248011.jpg 750w, https:\/\/dinglidiespring.com\/wp-content\/uploads\/2025\/07\/dingli-65mn-extra-light-duty-jis-spring-specs-chart-6-1753248011-300x254.jpg 300w, https:\/\/dinglidiespring.com\/wp-content\/uploads\/2025\/07\/dingli-65mn-extra-light-duty-jis-spring-specs-chart-6-1753248011-600x507.jpg 600w\" sizes=\"(max-width: 750px) 100vw, 750px\" \/> <img loading=\"lazy\" decoding=\"async\" class=\"alignnone size-full wp-image-7129\" src=\"https:\/\/dinglidiespring.com\/wp-content\/uploads\/2025\/07\/dingli-65mn-extra-light-duty-jis-spring-specs-chart-7-1753248013.jpg\" alt=\"\" width=\"750\" height=\"634\" srcset=\"https:\/\/dinglidiespring.com\/wp-content\/uploads\/2025\/07\/dingli-65mn-extra-light-duty-jis-spring-specs-chart-7-1753248013.jpg 750w, https:\/\/dinglidiespring.com\/wp-content\/uploads\/2025\/07\/dingli-65mn-extra-light-duty-jis-spring-specs-chart-7-1753248013-300x254.jpg 300w, https:\/\/dinglidiespring.com\/wp-content\/uploads\/2025\/07\/dingli-65mn-extra-light-duty-jis-spring-specs-chart-7-1753248013-600x507.jpg 600w\" sizes=\"(max-width: 750px) 100vw, 750px\" \/> <img loading=\"lazy\" decoding=\"async\" class=\"alignnone size-full wp-image-7130\" src=\"https:\/\/dinglidiespring.com\/wp-content\/uploads\/2025\/07\/dingli-65mn-extra-light-duty-jis-spring-specs-chart-8-1753248014.jpg\" alt=\"\" width=\"750\" height=\"634\" srcset=\"https:\/\/dinglidiespring.com\/wp-content\/uploads\/2025\/07\/dingli-65mn-extra-light-duty-jis-spring-specs-chart-8-1753248014.jpg 750w, https:\/\/dinglidiespring.com\/wp-content\/uploads\/2025\/07\/dingli-65mn-extra-light-duty-jis-spring-specs-chart-8-1753248014-300x254.jpg 300w, https:\/\/dinglidiespring.com\/wp-content\/uploads\/2025\/07\/dingli-65mn-extra-light-duty-jis-spring-specs-chart-8-1753248014-600x507.jpg 600w\" sizes=\"(max-width: 750px) 100vw, 750px\" \/> <img loading=\"lazy\" decoding=\"async\" class=\"alignnone size-full wp-image-7131\" src=\"https:\/\/dinglidiespring.com\/wp-content\/uploads\/2025\/07\/dingli-65mn-extra-light-duty-jis-spring-specs-chart-9-1753248016.jpg\" alt=\"\" width=\"750\" height=\"634\" srcset=\"https:\/\/dinglidiespring.com\/wp-content\/uploads\/2025\/07\/dingli-65mn-extra-light-duty-jis-spring-specs-chart-9-1753248016.jpg 750w, https:\/\/dinglidiespring.com\/wp-content\/uploads\/2025\/07\/dingli-65mn-extra-light-duty-jis-spring-specs-chart-9-1753248016-300x254.jpg 300w, https:\/\/dinglidiespring.com\/wp-content\/uploads\/2025\/07\/dingli-65mn-extra-light-duty-jis-spring-specs-chart-9-1753248016-600x507.jpg 600w\" sizes=\"(max-width: 750px) 100vw, 750px\" \/> <img loading=\"lazy\" decoding=\"async\" class=\"alignnone size-full wp-image-7132\" src=\"https:\/\/dinglidiespring.com\/wp-content\/uploads\/2025\/07\/dingli-65mn-extra-light-duty-jis-spring-specs-chart-10-1753248017.jpg\" alt=\"\" width=\"750\" height=\"634\" srcset=\"https:\/\/dinglidiespring.com\/wp-content\/uploads\/2025\/07\/dingli-65mn-extra-light-duty-jis-spring-specs-chart-10-1753248017.jpg 750w, https:\/\/dinglidiespring.com\/wp-content\/uploads\/2025\/07\/dingli-65mn-extra-light-duty-jis-spring-specs-chart-10-1753248017-300x254.jpg 300w, https:\/\/dinglidiespring.com\/wp-content\/uploads\/2025\/07\/dingli-65mn-extra-light-duty-jis-spring-specs-chart-10-1753248017-600x507.jpg 600w\" sizes=\"(max-width: 750px) 100vw, 750px\" \/> <img loading=\"lazy\" decoding=\"async\" class=\"alignnone size-full wp-image-7133\" src=\"https:\/\/dinglidiespring.com\/wp-content\/uploads\/2025\/07\/dingli-65mn-extra-light-duty-jis-spring-specs-chart-11-1753248019.jpg\" alt=\"\" width=\"750\" height=\"634\" srcset=\"https:\/\/dinglidiespring.com\/wp-content\/uploads\/2025\/07\/dingli-65mn-extra-light-duty-jis-spring-specs-chart-11-1753248019.jpg 750w, https:\/\/dinglidiespring.com\/wp-content\/uploads\/2025\/07\/dingli-65mn-extra-light-duty-jis-spring-specs-chart-11-1753248019-300x254.jpg 300w, https:\/\/dinglidiespring.com\/wp-content\/uploads\/2025\/07\/dingli-65mn-extra-light-duty-jis-spring-specs-chart-11-1753248019-600x507.jpg 600w\" sizes=\"(max-width: 750px) 100vw, 750px\" \/> <img loading=\"lazy\" decoding=\"async\" class=\"alignnone size-full wp-image-7134\" src=\"https:\/\/dinglidiespring.com\/wp-content\/uploads\/2025\/07\/dingli-65mn-extra-light-duty-jis-spring-specs-chart-12-1753248020.jpg\" alt=\"\" width=\"750\" height=\"634\" srcset=\"https:\/\/dinglidiespring.com\/wp-content\/uploads\/2025\/07\/dingli-65mn-extra-light-duty-jis-spring-specs-chart-12-1753248020.jpg 750w, https:\/\/dinglidiespring.com\/wp-content\/uploads\/2025\/07\/dingli-65mn-extra-light-duty-jis-spring-specs-chart-12-1753248020-300x254.jpg 300w, https:\/\/dinglidiespring.com\/wp-content\/uploads\/2025\/07\/dingli-65mn-extra-light-duty-jis-spring-specs-chart-12-1753248020-600x507.jpg 600w\" sizes=\"(max-width: 750px) 100vw, 750px\" \/><\/p>","protected":false},"excerpt":{"rendered":"<p>Nossa mola de compress\u00e3o JIS para servi\u00e7os extraleves oferece desempenho confi\u00e1vel com design preciso e personaliza\u00e7\u00e3o flex\u00edvel. Feita de a\u00e7o carbono premium 65Mn e constru\u00edda de acordo com os padr\u00f5es JIS, ela atende a diversas necessidades de aplica\u00e7\u00e3o com durabilidade e precis\u00e3o.<\/p>\n<ul>\n<li>A\u00e7o carbono 65Mn de alta qualidade garante excelente elasticidade e resili\u00eancia.<\/li>\n<li>Fabricado rigorosamente de acordo com os padr\u00f5es JIS para dimens\u00f5es e desempenho consistentes.<\/li>\n<li>Especifica\u00e7\u00f5es personaliz\u00e1veis para atender aos requisitos exclusivos do seu projeto.<\/li>\n<\/ul>","protected":false},"featured_media":7135,"comment_status":"open","ping_status":"closed","template":"","meta":{"site-sidebar-layout":"default","site-content-layout":"","ast-site-content-layout":"default","site-content-style":"default","site-sidebar-style":"default","ast-global-header-display":"","ast-banner-title-visibility":"","ast-main-header-display":"","ast-hfb-above-header-display":"","ast-hfb-below-header-display":"","ast-hfb-mobile-header-display":"","site-post-title":"","ast-breadcrumbs-content":"","ast-featured-img":"","footer-sml-layout":"","ast-disable-related-posts":"","theme-transparent-header-meta":"default","adv-header-id-meta":"","stick-header-meta":"","header-above-stick-meta":"","header-main-stick-meta":"","header-below-stick-meta":"","astra-migrate-meta-layouts":"set","ast-page-background-enabled":"default","ast-page-background-meta":{"desktop":{"background-color":"","background-image":"","background-repeat":"repeat","background-position":"center center","background-size":"auto","background-attachment":"scroll","background-type":"","background-media":"","overlay-type":"","overlay-color":"","overlay-opacity":"","overlay-gradient":""},"tablet":{"background-color":"","background-image":"","background-repeat":"repeat","background-position":"center center","background-size":"auto","background-attachment":"scroll","background-type":"","background-media":"","overlay-type":"","overlay-color":"","overlay-opacity":"","overlay-gradient":""},"mobile":{"background-color":"","background-image":"","background-repeat":"repeat","background-position":"center center","background-size":"auto","background-attachment":"scroll","background-type":"","background-media":"","overlay-type":"","overlay-color":"","overlay-opacity":"","overlay-gradient":""}},"ast-content-background-meta":{"desktop":{"background-color":"var(--ast-global-color-5)","background-image":"","background-repeat":"repeat","background-position":"center center","background-size":"auto","background-attachment":"scroll","background-type":"","background-media":"","overlay-type":"","overlay-color":"","overlay-opacity":"","overlay-gradient":""},"tablet":{"background-color":"var(--ast-global-color-5)","background-image":"","background-repeat":"repeat","background-position":"center center","background-size":"auto","background-attachment":"scroll","background-type":"","background-media":"","overlay-type":"","overlay-color":"","overlay-opacity":"","overlay-gradient":""},"mobile":{"background-color":"var(--ast-global-color-5)","background-image":"","background-repeat":"repeat","background-position":"center center","background-size":"auto","background-attachment":"scroll","background-type":"","background-media":"","overlay-type":"","overlay-color":"","overlay-opacity":"","overlay-gradient":""}}},"product_brand":[],"product_cat":[38,72],"product_tag":[],"class_list":{"0":"post-7122","1":"product","2":"type-product","3":"status-publish","4":"has-post-thumbnail","6":"product_cat-die-springs","7":"product_cat-jis-die-spring","8":"desktop-align-left","9":"tablet-align-left","10":"mobile-align-left","12":"first","13":"instock","14":"shipping-taxable","15":"product-type-simple"},"yoast_head":"<!-- This site is optimized with the Yoast SEO plugin v27.4 - https:\/\/yoast.com\/product\/yoast-seo-wordpress\/ -->\n<title>Extra Light Duty JIS Compression Spring 65Mn Carbon Steel DingLi Spring - dinglispring<\/title>\n<meta name=\"robots\" content=\"index, follow, max-snippet:-1, max-image-preview:large, max-video-preview:-1\" \/>\n<link rel=\"canonical\" href=\"https:\/\/dinglidiespring.com\/pt\/product\/extra-light-duty-jis-compression-spring-65mn-carbon-steel-dingli-spring\/\" \/>\n<meta property=\"og:locale\" content=\"pt_BR\" \/>\n<meta property=\"og:type\" content=\"article\" \/>\n<meta property=\"og:title\" content=\"Extra Light Duty JIS Compression Spring 65Mn Carbon Steel DingLi Spring - dinglispring\" \/>\n<meta property=\"og:description\" content=\"Our Extra Light Duty JIS Compression Spring delivers reliable performance with precise design and flexible customization. Made from premium 65Mn carbon steel and built to JIS standards, it meets diverse application needs with durability and accuracy.   High-quality 65Mn carbon steel ensures excellent elasticity and resilience.  Strictly manufactured to JIS standards for consistent dimensions and performance.  Customizable specifications to fit your unique project requirements.\" \/>\n<meta property=\"og:url\" content=\"https:\/\/dinglidiespring.com\/pt\/product\/extra-light-duty-jis-compression-spring-65mn-carbon-steel-dingli-spring\/\" \/>\n<meta property=\"og:site_name\" content=\"dinglispring\" \/>\n<meta property=\"article:publisher\" content=\"https:\/\/www.facebook.com\/profile.php?id=61557424736593\" \/>\n<meta property=\"article:modified_time\" content=\"2025-07-25T08:56:25+00:00\" \/>\n<meta property=\"og:image\" content=\"https:\/\/dinglidiespring.com\/wp-content\/uploads\/2025\/07\/Extra-Light-Duty-JIS-Compression-Spring-65Mn-Carbon-Steel-DingLi-Spring-1-1753248109.jpg\" \/>\n\t<meta property=\"og:image:width\" content=\"800\" \/>\n\t<meta property=\"og:image:height\" content=\"800\" \/>\n\t<meta property=\"og:image:type\" content=\"image\/jpeg\" \/>\n<meta name=\"twitter:card\" content=\"summary_large_image\" \/>\n<meta name=\"twitter:label1\" content=\"Est. tempo de leitura\" \/>\n\t<meta name=\"twitter:data1\" content=\"3 minutos\" \/>\n<script type=\"application\/ld+json\" class=\"yoast-schema-graph\">{\"@context\":\"https:\\\/\\\/schema.org\",\"@graph\":[{\"@type\":\"WebPage\",\"@id\":\"https:\\\/\\\/dinglidiespring.com\\\/product\\\/extra-light-duty-jis-compression-spring-65mn-carbon-steel-dingli-spring\\\/\",\"url\":\"https:\\\/\\\/dinglidiespring.com\\\/product\\\/extra-light-duty-jis-compression-spring-65mn-carbon-steel-dingli-spring\\\/\",\"name\":\"Extra Light Duty JIS Compression Spring 65Mn Carbon Steel DingLi Spring - dinglispring\",\"isPartOf\":{\"@id\":\"https:\\\/\\\/dinglidiespring.com\\\/#website\"},\"primaryImageOfPage\":{\"@id\":\"https:\\\/\\\/dinglidiespring.com\\\/product\\\/extra-light-duty-jis-compression-spring-65mn-carbon-steel-dingli-spring\\\/#primaryimage\"},\"image\":{\"@id\":\"https:\\\/\\\/dinglidiespring.com\\\/product\\\/extra-light-duty-jis-compression-spring-65mn-carbon-steel-dingli-spring\\\/#primaryimage\"},\"thumbnailUrl\":\"https:\\\/\\\/dinglidiespring.com\\\/wp-content\\\/uploads\\\/2025\\\/07\\\/Extra-Light-Duty-JIS-Compression-Spring-65Mn-Carbon-Steel-DingLi-Spring-1-1753248109.jpg\",\"datePublished\":\"2025-07-23T05:22:20+00:00\",\"dateModified\":\"2025-07-25T08:56:25+00:00\",\"breadcrumb\":{\"@id\":\"https:\\\/\\\/dinglidiespring.com\\\/product\\\/extra-light-duty-jis-compression-spring-65mn-carbon-steel-dingli-spring\\\/#breadcrumb\"},\"inLanguage\":\"pt-BR\",\"potentialAction\":[{\"@type\":\"ReadAction\",\"target\":[\"https:\\\/\\\/dinglidiespring.com\\\/product\\\/extra-light-duty-jis-compression-spring-65mn-carbon-steel-dingli-spring\\\/\"]}]},{\"@type\":\"ImageObject\",\"inLanguage\":\"pt-BR\",\"@id\":\"https:\\\/\\\/dinglidiespring.com\\\/product\\\/extra-light-duty-jis-compression-spring-65mn-carbon-steel-dingli-spring\\\/#primaryimage\",\"url\":\"https:\\\/\\\/dinglidiespring.com\\\/wp-content\\\/uploads\\\/2025\\\/07\\\/Extra-Light-Duty-JIS-Compression-Spring-65Mn-Carbon-Steel-DingLi-Spring-1-1753248109.jpg\",\"contentUrl\":\"https:\\\/\\\/dinglidiespring.com\\\/wp-content\\\/uploads\\\/2025\\\/07\\\/Extra-Light-Duty-JIS-Compression-Spring-65Mn-Carbon-Steel-DingLi-Spring-1-1753248109.jpg\",\"width\":800,\"height\":800},{\"@type\":\"BreadcrumbList\",\"@id\":\"https:\\\/\\\/dinglidiespring.com\\\/product\\\/extra-light-duty-jis-compression-spring-65mn-carbon-steel-dingli-spring\\\/#breadcrumb\",\"itemListElement\":[{\"@type\":\"ListItem\",\"position\":1,\"name\":\"\u9996\u9875\",\"item\":\"https:\\\/\\\/dinglidiespring.com\\\/\"},{\"@type\":\"ListItem\",\"position\":2,\"name\":\"Products\",\"item\":\"https:\\\/\\\/dinglidiespring.com\\\/shop__trashed-2\\\/\"},{\"@type\":\"ListItem\",\"position\":3,\"name\":\"Extra Light Duty JIS Compression Spring 65Mn Carbon Steel DingLi Spring\"}]},{\"@type\":\"WebSite\",\"@id\":\"https:\\\/\\\/dinglidiespring.com\\\/#website\",\"url\":\"https:\\\/\\\/dinglidiespring.com\\\/\",\"name\":\"dinglispring\",\"description\":\"Dingli has been supplying high quality springs and wires for 30 years. We offer fast delivery as well as professional design support. Please contact us to learn more about our capabilities and services.\",\"publisher\":{\"@id\":\"https:\\\/\\\/dinglidiespring.com\\\/#organization\"},\"potentialAction\":[{\"@type\":\"SearchAction\",\"target\":{\"@type\":\"EntryPoint\",\"urlTemplate\":\"https:\\\/\\\/dinglidiespring.com\\\/?s={search_term_string}\"},\"query-input\":{\"@type\":\"PropertyValueSpecification\",\"valueRequired\":true,\"valueName\":\"search_term_string\"}}],\"inLanguage\":\"pt-BR\"},{\"@type\":\"Organization\",\"@id\":\"https:\\\/\\\/dinglidiespring.com\\\/#organization\",\"name\":\"dinglispring\",\"url\":\"https:\\\/\\\/dinglidiespring.com\\\/\",\"logo\":{\"@type\":\"ImageObject\",\"inLanguage\":\"pt-BR\",\"@id\":\"https:\\\/\\\/dinglidiespring.com\\\/#\\\/schema\\\/logo\\\/image\\\/\",\"url\":\"https:\\\/\\\/dinglidiespring.com\\\/wp-content\\\/uploads\\\/2025\\\/05\\\/dinglidiespringlogo.png\",\"contentUrl\":\"https:\\\/\\\/dinglidiespring.com\\\/wp-content\\\/uploads\\\/2025\\\/05\\\/dinglidiespringlogo.png\",\"width\":400,\"height\":100,\"caption\":\"dinglispring\"},\"image\":{\"@id\":\"https:\\\/\\\/dinglidiespring.com\\\/#\\\/schema\\\/logo\\\/image\\\/\"},\"sameAs\":[\"https:\\\/\\\/www.facebook.com\\\/profile.php?id=61557424736593\",\"https:\\\/\\\/www.youtube.com\\\/@dinglidiespring\"]}]}<\/script>\n<!-- \/ Yoast SEO plugin. -->","yoast_head_json":{"title":"Mola de compress\u00e3o JIS extra leve 65Mn a\u00e7o carbono DingLi Spring - dinglispring","robots":{"index":"index","follow":"follow","max-snippet":"max-snippet:-1","max-image-preview":"max-image-preview:large","max-video-preview":"max-video-preview:-1"},"canonical":"https:\/\/dinglidiespring.com\/pt\/product\/extra-light-duty-jis-compression-spring-65mn-carbon-steel-dingli-spring\/","og_locale":"pt_BR","og_type":"article","og_title":"Extra Light Duty JIS Compression Spring 65Mn Carbon Steel DingLi Spring - dinglispring","og_description":"Our Extra Light Duty JIS Compression Spring delivers reliable performance with precise design and flexible customization. Made from premium 65Mn carbon steel and built to JIS standards, it meets diverse application needs with durability and accuracy.   High-quality 65Mn carbon steel ensures excellent elasticity and resilience.  Strictly manufactured to JIS standards for consistent dimensions and performance.  Customizable specifications to fit your unique project requirements.","og_url":"https:\/\/dinglidiespring.com\/pt\/product\/extra-light-duty-jis-compression-spring-65mn-carbon-steel-dingli-spring\/","og_site_name":"dinglispring","article_publisher":"https:\/\/www.facebook.com\/profile.php?id=61557424736593","article_modified_time":"2025-07-25T08:56:25+00:00","og_image":[{"width":800,"height":800,"url":"https:\/\/dinglidiespring.com\/wp-content\/uploads\/2025\/07\/Extra-Light-Duty-JIS-Compression-Spring-65Mn-Carbon-Steel-DingLi-Spring-1-1753248109.jpg","type":"image\/jpeg"}],"twitter_card":"summary_large_image","twitter_misc":{"Est. tempo de leitura":"3 minutos"},"schema":{"@context":"https:\/\/schema.org","@graph":[{"@type":"WebPage","@id":"https:\/\/dinglidiespring.com\/product\/extra-light-duty-jis-compression-spring-65mn-carbon-steel-dingli-spring\/","url":"https:\/\/dinglidiespring.com\/product\/extra-light-duty-jis-compression-spring-65mn-carbon-steel-dingli-spring\/","name":"Mola de compress\u00e3o JIS extra leve 65Mn a\u00e7o carbono DingLi Spring - dinglispring","isPartOf":{"@id":"https:\/\/dinglidiespring.com\/#website"},"primaryImageOfPage":{"@id":"https:\/\/dinglidiespring.com\/product\/extra-light-duty-jis-compression-spring-65mn-carbon-steel-dingli-spring\/#primaryimage"},"image":{"@id":"https:\/\/dinglidiespring.com\/product\/extra-light-duty-jis-compression-spring-65mn-carbon-steel-dingli-spring\/#primaryimage"},"thumbnailUrl":"https:\/\/dinglidiespring.com\/wp-content\/uploads\/2025\/07\/Extra-Light-Duty-JIS-Compression-Spring-65Mn-Carbon-Steel-DingLi-Spring-1-1753248109.jpg","datePublished":"2025-07-23T05:22:20+00:00","dateModified":"2025-07-25T08:56:25+00:00","breadcrumb":{"@id":"https:\/\/dinglidiespring.com\/product\/extra-light-duty-jis-compression-spring-65mn-carbon-steel-dingli-spring\/#breadcrumb"},"inLanguage":"pt-BR","potentialAction":[{"@type":"ReadAction","target":["https:\/\/dinglidiespring.com\/product\/extra-light-duty-jis-compression-spring-65mn-carbon-steel-dingli-spring\/"]}]},{"@type":"ImageObject","inLanguage":"pt-BR","@id":"https:\/\/dinglidiespring.com\/product\/extra-light-duty-jis-compression-spring-65mn-carbon-steel-dingli-spring\/#primaryimage","url":"https:\/\/dinglidiespring.com\/wp-content\/uploads\/2025\/07\/Extra-Light-Duty-JIS-Compression-Spring-65Mn-Carbon-Steel-DingLi-Spring-1-1753248109.jpg","contentUrl":"https:\/\/dinglidiespring.com\/wp-content\/uploads\/2025\/07\/Extra-Light-Duty-JIS-Compression-Spring-65Mn-Carbon-Steel-DingLi-Spring-1-1753248109.jpg","width":800,"height":800},{"@type":"BreadcrumbList","@id":"https:\/\/dinglidiespring.com\/product\/extra-light-duty-jis-compression-spring-65mn-carbon-steel-dingli-spring\/#breadcrumb","itemListElement":[{"@type":"ListItem","position":1,"name":"\u9996\u9875","item":"https:\/\/dinglidiespring.com\/"},{"@type":"ListItem","position":2,"name":"Products","item":"https:\/\/dinglidiespring.com\/shop__trashed-2\/"},{"@type":"ListItem","position":3,"name":"Extra Light Duty JIS Compression Spring 65Mn Carbon Steel DingLi Spring"}]},{"@type":"WebSite","@id":"https:\/\/dinglidiespring.com\/#website","url":"https:\/\/dinglidiespring.com\/","name":"mola dinglis","description":"A Dingli fornece molas e arames de alta qualidade h\u00e1 30 anos. Oferecemos entrega r\u00e1pida e suporte profissional em projetos. Entre em contato conosco para saber mais sobre nossas capacidades e servi\u00e7os.","publisher":{"@id":"https:\/\/dinglidiespring.com\/#organization"},"potentialAction":[{"@type":"SearchAction","target":{"@type":"EntryPoint","urlTemplate":"https:\/\/dinglidiespring.com\/?s={search_term_string}"},"query-input":{"@type":"PropertyValueSpecification","valueRequired":true,"valueName":"search_term_string"}}],"inLanguage":"pt-BR"},{"@type":"Organization","@id":"https:\/\/dinglidiespring.com\/#organization","name":"mola dinglis","url":"https:\/\/dinglidiespring.com\/","logo":{"@type":"ImageObject","inLanguage":"pt-BR","@id":"https:\/\/dinglidiespring.com\/#\/schema\/logo\/image\/","url":"https:\/\/dinglidiespring.com\/wp-content\/uploads\/2025\/05\/dinglidiespringlogo.png","contentUrl":"https:\/\/dinglidiespring.com\/wp-content\/uploads\/2025\/05\/dinglidiespringlogo.png","width":400,"height":100,"caption":"dinglispring"},"image":{"@id":"https:\/\/dinglidiespring.com\/#\/schema\/logo\/image\/"},"sameAs":["https:\/\/www.facebook.com\/profile.php?id=61557424736593","https:\/\/www.youtube.com\/@dinglidiespring"]}]}},"_links":{"self":[{"href":"https:\/\/dinglidiespring.com\/pt\/wp-json\/wp\/v2\/product\/7122","targetHints":{"allow":["GET"]}}],"collection":[{"href":"https:\/\/dinglidiespring.com\/pt\/wp-json\/wp\/v2\/product"}],"about":[{"href":"https:\/\/dinglidiespring.com\/pt\/wp-json\/wp\/v2\/types\/product"}],"replies":[{"embeddable":true,"href":"https:\/\/dinglidiespring.com\/pt\/wp-json\/wp\/v2\/comments?post=7122"}],"wp:featuredmedia":[{"embeddable":true,"href":"https:\/\/dinglidiespring.com\/pt\/wp-json\/wp\/v2\/media\/7135"}],"wp:attachment":[{"href":"https:\/\/dinglidiespring.com\/pt\/wp-json\/wp\/v2\/media?parent=7122"}],"wp:term":[{"taxonomy":"product_brand","embeddable":true,"href":"https:\/\/dinglidiespring.com\/pt\/wp-json\/wp\/v2\/product_brand?post=7122"},{"taxonomy":"product_cat","embeddable":true,"href":"https:\/\/dinglidiespring.com\/pt\/wp-json\/wp\/v2\/product_cat?post=7122"},{"taxonomy":"product_tag","embeddable":true,"href":"https:\/\/dinglidiespring.com\/pt\/wp-json\/wp\/v2\/product_tag?post=7122"}],"curies":[{"name":"wp","href":"https:\/\/api.w.org\/{rel}","templated":true}]}}