{"id":7344,"date":"2025-07-25T13:11:25","date_gmt":"2025-07-25T05:11:25","guid":{"rendered":"https:\/\/dinglidiespring.com\/?post_type=product&#038;p=7344"},"modified":"2025-07-25T16:54:00","modified_gmt":"2025-07-25T08:54:00","slug":"shintohatsu-extra-heavy-duty-jis-die-spring-55crsi-chrome-silicon-dingli","status":"publish","type":"product","link":"https:\/\/dinglidiespring.com\/pt\/product\/shintohatsu-extra-heavy-duty-jis-die-spring-55crsi-chrome-silicon-dingli\/","title":{"rendered":"Shintohatsu Extra Heavy Duty JIS Die Spring 55CrSi Cromo Sil\u00edcio DingLi"},"content":{"rendered":"<p><img fetchpriority=\"high\" decoding=\"async\" class=\"alignnone size-full wp-image-7345\" src=\"https:\/\/dinglidiespring.com\/wp-content\/uploads\/2025\/07\/shintohatsu-55crsi-extra-heavy-duty-jis-spring-specs-chart-dingli-1-1753420185.jpg\" alt=\"\" width=\"750\" height=\"802\" srcset=\"https:\/\/dinglidiespring.com\/wp-content\/uploads\/2025\/07\/shintohatsu-55crsi-extra-heavy-duty-jis-spring-specs-chart-dingli-1-1753420185.jpg 750w, https:\/\/dinglidiespring.com\/wp-content\/uploads\/2025\/07\/shintohatsu-55crsi-extra-heavy-duty-jis-spring-specs-chart-dingli-1-1753420185-281x300.jpg 281w, https:\/\/dinglidiespring.com\/wp-content\/uploads\/2025\/07\/shintohatsu-55crsi-extra-heavy-duty-jis-spring-specs-chart-dingli-1-1753420185-600x642.jpg 600w\" sizes=\"(max-width: 750px) 100vw, 750px\" \/> <img decoding=\"async\" class=\"alignnone size-full wp-image-7346\" src=\"https:\/\/dinglidiespring.com\/wp-content\/uploads\/2025\/07\/shintohatsu-55crsi-extra-heavy-duty-jis-spring-specs-chart-dingli-2-1753420187.jpg\" alt=\"\" width=\"750\" height=\"802\" srcset=\"https:\/\/dinglidiespring.com\/wp-content\/uploads\/2025\/07\/shintohatsu-55crsi-extra-heavy-duty-jis-spring-specs-chart-dingli-2-1753420187.jpg 750w, https:\/\/dinglidiespring.com\/wp-content\/uploads\/2025\/07\/shintohatsu-55crsi-extra-heavy-duty-jis-spring-specs-chart-dingli-2-1753420187-281x300.jpg 281w, https:\/\/dinglidiespring.com\/wp-content\/uploads\/2025\/07\/shintohatsu-55crsi-extra-heavy-duty-jis-spring-specs-chart-dingli-2-1753420187-600x642.jpg 600w\" sizes=\"(max-width: 750px) 100vw, 750px\" \/> <img decoding=\"async\" class=\"alignnone size-full wp-image-7347\" src=\"https:\/\/dinglidiespring.com\/wp-content\/uploads\/2025\/07\/shintohatsu-55crsi-extra-heavy-duty-jis-spring-specs-chart-dingli-3-1753420189.jpg\" alt=\"\" width=\"750\" height=\"802\" srcset=\"https:\/\/dinglidiespring.com\/wp-content\/uploads\/2025\/07\/shintohatsu-55crsi-extra-heavy-duty-jis-spring-specs-chart-dingli-3-1753420189.jpg 750w, https:\/\/dinglidiespring.com\/wp-content\/uploads\/2025\/07\/shintohatsu-55crsi-extra-heavy-duty-jis-spring-specs-chart-dingli-3-1753420189-281x300.jpg 281w, https:\/\/dinglidiespring.com\/wp-content\/uploads\/2025\/07\/shintohatsu-55crsi-extra-heavy-duty-jis-spring-specs-chart-dingli-3-1753420189-600x642.jpg 600w\" sizes=\"(max-width: 750px) 100vw, 750px\" \/> <img loading=\"lazy\" decoding=\"async\" class=\"alignnone size-full wp-image-7348\" src=\"https:\/\/dinglidiespring.com\/wp-content\/uploads\/2025\/07\/shintohatsu-55crsi-extra-heavy-duty-jis-spring-specs-chart-dingli-4-1753420191.jpg\" alt=\"\" width=\"750\" height=\"802\" srcset=\"https:\/\/dinglidiespring.com\/wp-content\/uploads\/2025\/07\/shintohatsu-55crsi-extra-heavy-duty-jis-spring-specs-chart-dingli-4-1753420191.jpg 750w, https:\/\/dinglidiespring.com\/wp-content\/uploads\/2025\/07\/shintohatsu-55crsi-extra-heavy-duty-jis-spring-specs-chart-dingli-4-1753420191-281x300.jpg 281w, https:\/\/dinglidiespring.com\/wp-content\/uploads\/2025\/07\/shintohatsu-55crsi-extra-heavy-duty-jis-spring-specs-chart-dingli-4-1753420191-600x642.jpg 600w\" sizes=\"(max-width: 750px) 100vw, 750px\" \/> <img loading=\"lazy\" decoding=\"async\" class=\"alignnone size-full wp-image-7349\" src=\"https:\/\/dinglidiespring.com\/wp-content\/uploads\/2025\/07\/shintohatsu-55crsi-extra-heavy-duty-jis-spring-specs-chart-dingli-5-1753420193.jpg\" alt=\"\" width=\"750\" height=\"802\" srcset=\"https:\/\/dinglidiespring.com\/wp-content\/uploads\/2025\/07\/shintohatsu-55crsi-extra-heavy-duty-jis-spring-specs-chart-dingli-5-1753420193.jpg 750w, https:\/\/dinglidiespring.com\/wp-content\/uploads\/2025\/07\/shintohatsu-55crsi-extra-heavy-duty-jis-spring-specs-chart-dingli-5-1753420193-281x300.jpg 281w, https:\/\/dinglidiespring.com\/wp-content\/uploads\/2025\/07\/shintohatsu-55crsi-extra-heavy-duty-jis-spring-specs-chart-dingli-5-1753420193-600x642.jpg 600w\" sizes=\"(max-width: 750px) 100vw, 750px\" \/> <img loading=\"lazy\" decoding=\"async\" class=\"alignnone size-full wp-image-7350\" src=\"https:\/\/dinglidiespring.com\/wp-content\/uploads\/2025\/07\/shintohatsu-55crsi-extra-heavy-duty-jis-spring-specs-chart-dingli-6-1753420195.jpg\" alt=\"\" width=\"750\" height=\"802\" srcset=\"https:\/\/dinglidiespring.com\/wp-content\/uploads\/2025\/07\/shintohatsu-55crsi-extra-heavy-duty-jis-spring-specs-chart-dingli-6-1753420195.jpg 750w, https:\/\/dinglidiespring.com\/wp-content\/uploads\/2025\/07\/shintohatsu-55crsi-extra-heavy-duty-jis-spring-specs-chart-dingli-6-1753420195-281x300.jpg 281w, https:\/\/dinglidiespring.com\/wp-content\/uploads\/2025\/07\/shintohatsu-55crsi-extra-heavy-duty-jis-spring-specs-chart-dingli-6-1753420195-600x642.jpg 600w\" sizes=\"(max-width: 750px) 100vw, 750px\" \/> <img loading=\"lazy\" decoding=\"async\" class=\"alignnone size-full wp-image-7351\" src=\"https:\/\/dinglidiespring.com\/wp-content\/uploads\/2025\/07\/shintohatsu-55crsi-extra-heavy-duty-jis-spring-specs-chart-dingli-7-1753420197.jpg\" alt=\"\" width=\"750\" height=\"802\" srcset=\"https:\/\/dinglidiespring.com\/wp-content\/uploads\/2025\/07\/shintohatsu-55crsi-extra-heavy-duty-jis-spring-specs-chart-dingli-7-1753420197.jpg 750w, https:\/\/dinglidiespring.com\/wp-content\/uploads\/2025\/07\/shintohatsu-55crsi-extra-heavy-duty-jis-spring-specs-chart-dingli-7-1753420197-281x300.jpg 281w, https:\/\/dinglidiespring.com\/wp-content\/uploads\/2025\/07\/shintohatsu-55crsi-extra-heavy-duty-jis-spring-specs-chart-dingli-7-1753420197-600x642.jpg 600w\" sizes=\"(max-width: 750px) 100vw, 750px\" \/> <img loading=\"lazy\" decoding=\"async\" class=\"alignnone size-full wp-image-7352\" src=\"https:\/\/dinglidiespring.com\/wp-content\/uploads\/2025\/07\/shintohatsu-55crsi-extra-heavy-duty-jis-spring-specs-chart-dingli-8-1753420199.jpg\" alt=\"\" width=\"750\" height=\"802\" srcset=\"https:\/\/dinglidiespring.com\/wp-content\/uploads\/2025\/07\/shintohatsu-55crsi-extra-heavy-duty-jis-spring-specs-chart-dingli-8-1753420199.jpg 750w, https:\/\/dinglidiespring.com\/wp-content\/uploads\/2025\/07\/shintohatsu-55crsi-extra-heavy-duty-jis-spring-specs-chart-dingli-8-1753420199-281x300.jpg 281w, https:\/\/dinglidiespring.com\/wp-content\/uploads\/2025\/07\/shintohatsu-55crsi-extra-heavy-duty-jis-spring-specs-chart-dingli-8-1753420199-600x642.jpg 600w\" sizes=\"(max-width: 750px) 100vw, 750px\" \/> <img loading=\"lazy\" decoding=\"async\" class=\"alignnone size-full wp-image-7353\" src=\"https:\/\/dinglidiespring.com\/wp-content\/uploads\/2025\/07\/shintohatsu-55crsi-extra-heavy-duty-jis-spring-specs-chart-dingli-9-1753420200.jpg\" alt=\"\" width=\"750\" height=\"227\" srcset=\"https:\/\/dinglidiespring.com\/wp-content\/uploads\/2025\/07\/shintohatsu-55crsi-extra-heavy-duty-jis-spring-specs-chart-dingli-9-1753420200.jpg 750w, https:\/\/dinglidiespring.com\/wp-content\/uploads\/2025\/07\/shintohatsu-55crsi-extra-heavy-duty-jis-spring-specs-chart-dingli-9-1753420200-300x91.jpg 300w, https:\/\/dinglidiespring.com\/wp-content\/uploads\/2025\/07\/shintohatsu-55crsi-extra-heavy-duty-jis-spring-specs-chart-dingli-9-1753420200-600x182.jpg 600w\" sizes=\"(max-width: 750px) 100vw, 750px\" \/><\/p>","protected":false},"excerpt":{"rendered":"<p>A mola de matriz Shintohatsu Extra Heavy Duty JIS foi projetada para as aplica\u00e7\u00f5es industriais mais exigentes que exigem resist\u00eancia e durabilidade excepcionais. Feita em a\u00e7o cromo sil\u00edcio 55CrSi premium e fabricada de acordo com os rigorosos padr\u00f5es JIS, esta mola oferece desempenho confi\u00e1vel sob condi\u00e7\u00f5es de carga extremas. A DingLi oferece op\u00e7\u00f5es flex\u00edveis de personaliza\u00e7\u00e3o para atender precisamente aos requisitos da sua aplica\u00e7\u00e3o de servi\u00e7o pesado.<\/p>\n<ul>\n<li>Feito de a\u00e7o cromo sil\u00edcio 55CrSi de alta qualidade para m\u00e1xima resist\u00eancia e desgaste.<\/li>\n<li>Produzido em estrita conformidade com os padr\u00f5es JIS para garantir precis\u00e3o e longevidade.<\/li>\n<li>Design personaliz\u00e1vel adaptado \u00e0s especifica\u00e7\u00f5es industriais de alta resist\u00eancia.<\/li>\n<\/ul>","protected":false},"featured_media":7355,"comment_status":"open","ping_status":"closed","template":"","meta":{"site-sidebar-layout":"default","site-content-layout":"","ast-site-content-layout":"default","site-content-style":"default","site-sidebar-style":"default","ast-global-header-display":"","ast-banner-title-visibility":"","ast-main-header-display":"","ast-hfb-above-header-display":"","ast-hfb-below-header-display":"","ast-hfb-mobile-header-display":"","site-post-title":"","ast-breadcrumbs-content":"","ast-featured-img":"","footer-sml-layout":"","ast-disable-related-posts":"","theme-transparent-header-meta":"default","adv-header-id-meta":"","stick-header-meta":"","header-above-stick-meta":"","header-main-stick-meta":"","header-below-stick-meta":"","astra-migrate-meta-layouts":"set","ast-page-background-enabled":"default","ast-page-background-meta":{"desktop":{"background-color":"","background-image":"","background-repeat":"repeat","background-position":"center center","background-size":"auto","background-attachment":"scroll","background-type":"","background-media":"","overlay-type":"","overlay-color":"","overlay-opacity":"","overlay-gradient":""},"tablet":{"background-color":"","background-image":"","background-repeat":"repeat","background-position":"center center","background-size":"auto","background-attachment":"scroll","background-type":"","background-media":"","overlay-type":"","overlay-color":"","overlay-opacity":"","overlay-gradient":""},"mobile":{"background-color":"","background-image":"","background-repeat":"repeat","background-position":"center center","background-size":"auto","background-attachment":"scroll","background-type":"","background-media":"","overlay-type":"","overlay-color":"","overlay-opacity":"","overlay-gradient":""}},"ast-content-background-meta":{"desktop":{"background-color":"var(--ast-global-color-5)","background-image":"","background-repeat":"repeat","background-position":"center center","background-size":"auto","background-attachment":"scroll","background-type":"","background-media":"","overlay-type":"","overlay-color":"","overlay-opacity":"","overlay-gradient":""},"tablet":{"background-color":"var(--ast-global-color-5)","background-image":"","background-repeat":"repeat","background-position":"center center","background-size":"auto","background-attachment":"scroll","background-type":"","background-media":"","overlay-type":"","overlay-color":"","overlay-opacity":"","overlay-gradient":""},"mobile":{"background-color":"var(--ast-global-color-5)","background-image":"","background-repeat":"repeat","background-position":"center center","background-size":"auto","background-attachment":"scroll","background-type":"","background-media":"","overlay-type":"","overlay-color":"","overlay-opacity":"","overlay-gradient":""}}},"product_brand":[],"product_cat":[38,72],"product_tag":[55,54,53],"class_list":{"0":"post-7344","1":"product","2":"type-product","3":"status-publish","4":"has-post-thumbnail","6":"product_cat-die-springs","7":"product_cat-jis-die-spring","8":"product_tag-dingli-extra-heavy-duty-jis-die-spring","9":"product_tag-extra-heavy-duty-jis-die-spring","10":"product_tag-shintohatsu-extra-heavy-duty-jis-die-spring","11":"desktop-align-left","12":"tablet-align-left","13":"mobile-align-left","15":"first","16":"instock","17":"shipping-taxable","18":"product-type-simple"},"yoast_head":"<!-- This site is optimized with the Yoast SEO plugin v27.4 - https:\/\/yoast.com\/product\/yoast-seo-wordpress\/ -->\n<title>Shintohatsu Extra Heavy Duty JIS Die Spring 55CrSi Chrome Silicon DingLi - dinglispring<\/title>\n<meta name=\"description\" content=\"The Shintohatsu Extra Heavy Duty JIS Die Spring is engineered for the most demanding industrial applications requiring exceptional strength and durability. Made from premium 55CrSi chrome silicon steel and manufactured to rigorous JIS standards, this spring delivers reliable performance under extreme load conditions. DingLi offers flexible customization options to precisely match your heavy-duty application requirements.\" \/>\n<meta name=\"robots\" content=\"index, follow, max-snippet:-1, max-image-preview:large, max-video-preview:-1\" \/>\n<link rel=\"canonical\" href=\"https:\/\/dinglidiespring.com\/pt\/product\/shintohatsu-extra-heavy-duty-jis-die-spring-55crsi-chrome-silicon-dingli\/\" \/>\n<meta property=\"og:locale\" content=\"pt_BR\" \/>\n<meta property=\"og:type\" content=\"article\" \/>\n<meta property=\"og:title\" content=\"Shintohatsu Extra Heavy Duty JIS Die Spring 55CrSi Chrome Silicon DingLi - dinglispring\" \/>\n<meta property=\"og:description\" content=\"The Shintohatsu Extra Heavy Duty JIS Die Spring is engineered for the most demanding industrial applications requiring exceptional strength and durability. Made from premium 55CrSi chrome silicon steel and manufactured to rigorous JIS standards, this spring delivers reliable performance under extreme load conditions. DingLi offers flexible customization options to precisely match your heavy-duty application requirements.\" \/>\n<meta property=\"og:url\" content=\"https:\/\/dinglidiespring.com\/pt\/product\/shintohatsu-extra-heavy-duty-jis-die-spring-55crsi-chrome-silicon-dingli\/\" \/>\n<meta property=\"og:site_name\" content=\"dinglispring\" \/>\n<meta property=\"article:publisher\" content=\"https:\/\/www.facebook.com\/profile.php?id=61557424736593\" \/>\n<meta property=\"article:modified_time\" content=\"2025-07-25T08:54:00+00:00\" \/>\n<meta property=\"og:image\" content=\"https:\/\/dinglidiespring.com\/wp-content\/uploads\/2025\/07\/Shintohatsu-Extra-Heavy-Duty-JIS-Die-Spring-55CrSi-Chrome-Silicon-DingLi-2-1753420216.jpg\" \/>\n\t<meta property=\"og:image:width\" content=\"800\" \/>\n\t<meta property=\"og:image:height\" content=\"800\" \/>\n\t<meta property=\"og:image:type\" content=\"image\/jpeg\" \/>\n<meta name=\"twitter:card\" content=\"summary_large_image\" \/>\n<meta name=\"twitter:label1\" content=\"Est. tempo de leitura\" \/>\n\t<meta name=\"twitter:data1\" content=\"2 minutos\" \/>\n<script type=\"application\/ld+json\" class=\"yoast-schema-graph\">{\"@context\":\"https:\\\/\\\/schema.org\",\"@graph\":[{\"@type\":\"WebPage\",\"@id\":\"https:\\\/\\\/dinglidiespring.com\\\/product\\\/shintohatsu-extra-heavy-duty-jis-die-spring-55crsi-chrome-silicon-dingli\\\/\",\"url\":\"https:\\\/\\\/dinglidiespring.com\\\/product\\\/shintohatsu-extra-heavy-duty-jis-die-spring-55crsi-chrome-silicon-dingli\\\/\",\"name\":\"Shintohatsu Extra Heavy Duty JIS Die Spring 55CrSi Chrome Silicon DingLi - dinglispring\",\"isPartOf\":{\"@id\":\"https:\\\/\\\/dinglidiespring.com\\\/#website\"},\"primaryImageOfPage\":{\"@id\":\"https:\\\/\\\/dinglidiespring.com\\\/product\\\/shintohatsu-extra-heavy-duty-jis-die-spring-55crsi-chrome-silicon-dingli\\\/#primaryimage\"},\"image\":{\"@id\":\"https:\\\/\\\/dinglidiespring.com\\\/product\\\/shintohatsu-extra-heavy-duty-jis-die-spring-55crsi-chrome-silicon-dingli\\\/#primaryimage\"},\"thumbnailUrl\":\"https:\\\/\\\/dinglidiespring.com\\\/wp-content\\\/uploads\\\/2025\\\/07\\\/Shintohatsu-Extra-Heavy-Duty-JIS-Die-Spring-55CrSi-Chrome-Silicon-DingLi-2-1753420216.jpg\",\"datePublished\":\"2025-07-25T05:11:25+00:00\",\"dateModified\":\"2025-07-25T08:54:00+00:00\",\"description\":\"The Shintohatsu Extra Heavy Duty JIS Die Spring is engineered for the most demanding industrial applications requiring exceptional strength and durability. Made from premium 55CrSi chrome silicon steel and manufactured to rigorous JIS standards, this spring delivers reliable performance under extreme load conditions. DingLi offers flexible customization options to precisely match your heavy-duty application requirements.\",\"breadcrumb\":{\"@id\":\"https:\\\/\\\/dinglidiespring.com\\\/product\\\/shintohatsu-extra-heavy-duty-jis-die-spring-55crsi-chrome-silicon-dingli\\\/#breadcrumb\"},\"inLanguage\":\"pt-BR\",\"potentialAction\":[{\"@type\":\"ReadAction\",\"target\":[\"https:\\\/\\\/dinglidiespring.com\\\/product\\\/shintohatsu-extra-heavy-duty-jis-die-spring-55crsi-chrome-silicon-dingli\\\/\"]}]},{\"@type\":\"ImageObject\",\"inLanguage\":\"pt-BR\",\"@id\":\"https:\\\/\\\/dinglidiespring.com\\\/product\\\/shintohatsu-extra-heavy-duty-jis-die-spring-55crsi-chrome-silicon-dingli\\\/#primaryimage\",\"url\":\"https:\\\/\\\/dinglidiespring.com\\\/wp-content\\\/uploads\\\/2025\\\/07\\\/Shintohatsu-Extra-Heavy-Duty-JIS-Die-Spring-55CrSi-Chrome-Silicon-DingLi-2-1753420216.jpg\",\"contentUrl\":\"https:\\\/\\\/dinglidiespring.com\\\/wp-content\\\/uploads\\\/2025\\\/07\\\/Shintohatsu-Extra-Heavy-Duty-JIS-Die-Spring-55CrSi-Chrome-Silicon-DingLi-2-1753420216.jpg\",\"width\":800,\"height\":800},{\"@type\":\"BreadcrumbList\",\"@id\":\"https:\\\/\\\/dinglidiespring.com\\\/product\\\/shintohatsu-extra-heavy-duty-jis-die-spring-55crsi-chrome-silicon-dingli\\\/#breadcrumb\",\"itemListElement\":[{\"@type\":\"ListItem\",\"position\":1,\"name\":\"\u9996\u9875\",\"item\":\"https:\\\/\\\/dinglidiespring.com\\\/\"},{\"@type\":\"ListItem\",\"position\":2,\"name\":\"Products\",\"item\":\"https:\\\/\\\/dinglidiespring.com\\\/shop__trashed-2\\\/\"},{\"@type\":\"ListItem\",\"position\":3,\"name\":\"Shintohatsu Extra Heavy Duty JIS Die Spring 55CrSi Chrome Silicon DingLi\"}]},{\"@type\":\"WebSite\",\"@id\":\"https:\\\/\\\/dinglidiespring.com\\\/#website\",\"url\":\"https:\\\/\\\/dinglidiespring.com\\\/\",\"name\":\"dinglispring\",\"description\":\"Dingli has been supplying high quality springs and wires for 30 years. We offer fast delivery as well as professional design support. Please contact us to learn more about our capabilities and services.\",\"publisher\":{\"@id\":\"https:\\\/\\\/dinglidiespring.com\\\/#organization\"},\"potentialAction\":[{\"@type\":\"SearchAction\",\"target\":{\"@type\":\"EntryPoint\",\"urlTemplate\":\"https:\\\/\\\/dinglidiespring.com\\\/?s={search_term_string}\"},\"query-input\":{\"@type\":\"PropertyValueSpecification\",\"valueRequired\":true,\"valueName\":\"search_term_string\"}}],\"inLanguage\":\"pt-BR\"},{\"@type\":\"Organization\",\"@id\":\"https:\\\/\\\/dinglidiespring.com\\\/#organization\",\"name\":\"dinglispring\",\"url\":\"https:\\\/\\\/dinglidiespring.com\\\/\",\"logo\":{\"@type\":\"ImageObject\",\"inLanguage\":\"pt-BR\",\"@id\":\"https:\\\/\\\/dinglidiespring.com\\\/#\\\/schema\\\/logo\\\/image\\\/\",\"url\":\"https:\\\/\\\/dinglidiespring.com\\\/wp-content\\\/uploads\\\/2025\\\/05\\\/dinglidiespringlogo.png\",\"contentUrl\":\"https:\\\/\\\/dinglidiespring.com\\\/wp-content\\\/uploads\\\/2025\\\/05\\\/dinglidiespringlogo.png\",\"width\":400,\"height\":100,\"caption\":\"dinglispring\"},\"image\":{\"@id\":\"https:\\\/\\\/dinglidiespring.com\\\/#\\\/schema\\\/logo\\\/image\\\/\"},\"sameAs\":[\"https:\\\/\\\/www.facebook.com\\\/profile.php?id=61557424736593\",\"https:\\\/\\\/www.youtube.com\\\/@dinglidiespring\"]}]}<\/script>\n<!-- \/ Yoast SEO plugin. -->","yoast_head_json":{"title":"Shintohatsu Extra Heavy Duty JIS Die Spring 55CrSi Cromo Sil\u00edcio DingLi - dinglispring","description":"A mola de matriz Shintohatsu Extra Heavy Duty JIS foi projetada para as aplica\u00e7\u00f5es industriais mais exigentes que exigem resist\u00eancia e durabilidade excepcionais. Feita em a\u00e7o cromo sil\u00edcio 55CrSi premium e fabricada de acordo com os rigorosos padr\u00f5es JIS, esta mola oferece desempenho confi\u00e1vel sob condi\u00e7\u00f5es de carga extremas. A DingLi oferece op\u00e7\u00f5es flex\u00edveis de personaliza\u00e7\u00e3o para atender precisamente aos requisitos da sua aplica\u00e7\u00e3o de servi\u00e7o pesado.","robots":{"index":"index","follow":"follow","max-snippet":"max-snippet:-1","max-image-preview":"max-image-preview:large","max-video-preview":"max-video-preview:-1"},"canonical":"https:\/\/dinglidiespring.com\/pt\/product\/shintohatsu-extra-heavy-duty-jis-die-spring-55crsi-chrome-silicon-dingli\/","og_locale":"pt_BR","og_type":"article","og_title":"Shintohatsu Extra Heavy Duty JIS Die Spring 55CrSi Chrome Silicon DingLi - dinglispring","og_description":"The Shintohatsu Extra Heavy Duty JIS Die Spring is engineered for the most demanding industrial applications requiring exceptional strength and durability. Made from premium 55CrSi chrome silicon steel and manufactured to rigorous JIS standards, this spring delivers reliable performance under extreme load conditions. DingLi offers flexible customization options to precisely match your heavy-duty application requirements.","og_url":"https:\/\/dinglidiespring.com\/pt\/product\/shintohatsu-extra-heavy-duty-jis-die-spring-55crsi-chrome-silicon-dingli\/","og_site_name":"dinglispring","article_publisher":"https:\/\/www.facebook.com\/profile.php?id=61557424736593","article_modified_time":"2025-07-25T08:54:00+00:00","og_image":[{"width":800,"height":800,"url":"https:\/\/dinglidiespring.com\/wp-content\/uploads\/2025\/07\/Shintohatsu-Extra-Heavy-Duty-JIS-Die-Spring-55CrSi-Chrome-Silicon-DingLi-2-1753420216.jpg","type":"image\/jpeg"}],"twitter_card":"summary_large_image","twitter_misc":{"Est. tempo de leitura":"2 minutos"},"schema":{"@context":"https:\/\/schema.org","@graph":[{"@type":"WebPage","@id":"https:\/\/dinglidiespring.com\/product\/shintohatsu-extra-heavy-duty-jis-die-spring-55crsi-chrome-silicon-dingli\/","url":"https:\/\/dinglidiespring.com\/product\/shintohatsu-extra-heavy-duty-jis-die-spring-55crsi-chrome-silicon-dingli\/","name":"Shintohatsu Extra Heavy Duty JIS Die Spring 55CrSi Cromo Sil\u00edcio DingLi - dinglispring","isPartOf":{"@id":"https:\/\/dinglidiespring.com\/#website"},"primaryImageOfPage":{"@id":"https:\/\/dinglidiespring.com\/product\/shintohatsu-extra-heavy-duty-jis-die-spring-55crsi-chrome-silicon-dingli\/#primaryimage"},"image":{"@id":"https:\/\/dinglidiespring.com\/product\/shintohatsu-extra-heavy-duty-jis-die-spring-55crsi-chrome-silicon-dingli\/#primaryimage"},"thumbnailUrl":"https:\/\/dinglidiespring.com\/wp-content\/uploads\/2025\/07\/Shintohatsu-Extra-Heavy-Duty-JIS-Die-Spring-55CrSi-Chrome-Silicon-DingLi-2-1753420216.jpg","datePublished":"2025-07-25T05:11:25+00:00","dateModified":"2025-07-25T08:54:00+00:00","description":"A mola de matriz Shintohatsu Extra Heavy Duty JIS foi projetada para as aplica\u00e7\u00f5es industriais mais exigentes que exigem resist\u00eancia e durabilidade excepcionais. Feita em a\u00e7o cromo sil\u00edcio 55CrSi premium e fabricada de acordo com os rigorosos padr\u00f5es JIS, esta mola oferece desempenho confi\u00e1vel sob condi\u00e7\u00f5es de carga extremas. A DingLi oferece op\u00e7\u00f5es flex\u00edveis de personaliza\u00e7\u00e3o para atender precisamente aos requisitos da sua aplica\u00e7\u00e3o de servi\u00e7o pesado.","breadcrumb":{"@id":"https:\/\/dinglidiespring.com\/product\/shintohatsu-extra-heavy-duty-jis-die-spring-55crsi-chrome-silicon-dingli\/#breadcrumb"},"inLanguage":"pt-BR","potentialAction":[{"@type":"ReadAction","target":["https:\/\/dinglidiespring.com\/product\/shintohatsu-extra-heavy-duty-jis-die-spring-55crsi-chrome-silicon-dingli\/"]}]},{"@type":"ImageObject","inLanguage":"pt-BR","@id":"https:\/\/dinglidiespring.com\/product\/shintohatsu-extra-heavy-duty-jis-die-spring-55crsi-chrome-silicon-dingli\/#primaryimage","url":"https:\/\/dinglidiespring.com\/wp-content\/uploads\/2025\/07\/Shintohatsu-Extra-Heavy-Duty-JIS-Die-Spring-55CrSi-Chrome-Silicon-DingLi-2-1753420216.jpg","contentUrl":"https:\/\/dinglidiespring.com\/wp-content\/uploads\/2025\/07\/Shintohatsu-Extra-Heavy-Duty-JIS-Die-Spring-55CrSi-Chrome-Silicon-DingLi-2-1753420216.jpg","width":800,"height":800},{"@type":"BreadcrumbList","@id":"https:\/\/dinglidiespring.com\/product\/shintohatsu-extra-heavy-duty-jis-die-spring-55crsi-chrome-silicon-dingli\/#breadcrumb","itemListElement":[{"@type":"ListItem","position":1,"name":"\u9996\u9875","item":"https:\/\/dinglidiespring.com\/"},{"@type":"ListItem","position":2,"name":"Products","item":"https:\/\/dinglidiespring.com\/shop__trashed-2\/"},{"@type":"ListItem","position":3,"name":"Shintohatsu Extra Heavy Duty JIS Die Spring 55CrSi Chrome Silicon DingLi"}]},{"@type":"WebSite","@id":"https:\/\/dinglidiespring.com\/#website","url":"https:\/\/dinglidiespring.com\/","name":"mola dinglis","description":"A Dingli fornece molas e arames de alta qualidade h\u00e1 30 anos. Oferecemos entrega r\u00e1pida e suporte profissional em projetos. Entre em contato conosco para saber mais sobre nossas capacidades e servi\u00e7os.","publisher":{"@id":"https:\/\/dinglidiespring.com\/#organization"},"potentialAction":[{"@type":"SearchAction","target":{"@type":"EntryPoint","urlTemplate":"https:\/\/dinglidiespring.com\/?s={search_term_string}"},"query-input":{"@type":"PropertyValueSpecification","valueRequired":true,"valueName":"search_term_string"}}],"inLanguage":"pt-BR"},{"@type":"Organization","@id":"https:\/\/dinglidiespring.com\/#organization","name":"mola dinglis","url":"https:\/\/dinglidiespring.com\/","logo":{"@type":"ImageObject","inLanguage":"pt-BR","@id":"https:\/\/dinglidiespring.com\/#\/schema\/logo\/image\/","url":"https:\/\/dinglidiespring.com\/wp-content\/uploads\/2025\/05\/dinglidiespringlogo.png","contentUrl":"https:\/\/dinglidiespring.com\/wp-content\/uploads\/2025\/05\/dinglidiespringlogo.png","width":400,"height":100,"caption":"dinglispring"},"image":{"@id":"https:\/\/dinglidiespring.com\/#\/schema\/logo\/image\/"},"sameAs":["https:\/\/www.facebook.com\/profile.php?id=61557424736593","https:\/\/www.youtube.com\/@dinglidiespring"]}]}},"_links":{"self":[{"href":"https:\/\/dinglidiespring.com\/pt\/wp-json\/wp\/v2\/product\/7344","targetHints":{"allow":["GET"]}}],"collection":[{"href":"https:\/\/dinglidiespring.com\/pt\/wp-json\/wp\/v2\/product"}],"about":[{"href":"https:\/\/dinglidiespring.com\/pt\/wp-json\/wp\/v2\/types\/product"}],"replies":[{"embeddable":true,"href":"https:\/\/dinglidiespring.com\/pt\/wp-json\/wp\/v2\/comments?post=7344"}],"wp:featuredmedia":[{"embeddable":true,"href":"https:\/\/dinglidiespring.com\/pt\/wp-json\/wp\/v2\/media\/7355"}],"wp:attachment":[{"href":"https:\/\/dinglidiespring.com\/pt\/wp-json\/wp\/v2\/media?parent=7344"}],"wp:term":[{"taxonomy":"product_brand","embeddable":true,"href":"https:\/\/dinglidiespring.com\/pt\/wp-json\/wp\/v2\/product_brand?post=7344"},{"taxonomy":"product_cat","embeddable":true,"href":"https:\/\/dinglidiespring.com\/pt\/wp-json\/wp\/v2\/product_cat?post=7344"},{"taxonomy":"product_tag","embeddable":true,"href":"https:\/\/dinglidiespring.com\/pt\/wp-json\/wp\/v2\/product_tag?post=7344"}],"curies":[{"name":"wp","href":"https:\/\/api.w.org\/{rel}","templated":true}]}}